{"id":43066,"date":"2021-01-17T13:00:15","date_gmt":"2020-10-20T11:00:15","guid":{"rendered":"https:\/\/www.demosmobilia.ch\/product\/lobby-executive-schreibtischstuhl-es-105-in-schwarzem-leder\/"},"modified":"2021-05-27T13:42:43","modified_gmt":"2021-05-27T11:42:43","slug":"herman-miller-schwarzer-leder-lobby-drehstuhl-es-104","status":"publish","type":"product","link":"https:\/\/www.demosmobilia.ch\/de\/product\/herman-miller-schwarzer-leder-lobby-drehstuhl-es-104\/","title":{"rendered":"Herman Miller Schwarzer Leder-Lobby-Drehstuhl ES 104"},"content":{"rendered":"<p>Der Lobby Chair ist vom strukturellen Aufbau her mit dem Lounge Chair vergleichbar, was den Komfort angeht. Er besteht aus drei einzelnen Polstern, die durch Aluminium-Seitenrahmen miteinander verbunden sind. Der Sessel wurde urspr\u00fcnglich f\u00fcr die Einrichtung der Lobbybereiche im New Yorker Time Life Building konzipiert. Mit seinen \u00fcppig gepolsterten Lederkissen hat der ES 104 Lobby Chair vor allem eines: au\u00dfergew\u00f6hnlichen Komfort.<\/p>\n","protected":false},"excerpt":{"rendered":"<p>Der Lobby Chair ist vom strukturellen Aufbau her mit dem Lounge Chair vergleichbar, was den Komfort angeht. Er besteht aus drei einzelnen Polstern, die durch Aluminium-Seitenrahmen miteinander verbunden sind. Der Sessel wurde urspr\u00fcnglich f\u00fcr die Einrichtung der Lobbybereiche im New Yorker Time Life Building konzipiert. Mit seinen \u00fcppig gepolsterten Lederkissen hat der ES 104 Lobby Chair vor allem eines: au\u00dfergew\u00f6hnlichen Komfort.<a class=\"more-link\" href=\"https:\/\/www.demosmobilia.ch\/de\/product\/herman-miller-schwarzer-leder-lobby-drehstuhl-es-104\/\">Read More &rarr;<\/a><\/p>\n","protected":false},"featured_media":45881,"template":"","meta":{"_monsterinsights_skip_tracking":false,"_monsterinsights_sitenote_active":false,"_monsterinsights_sitenote_note":"","_monsterinsights_sitenote_category":0,"kk_blocks_editor_width":"","_kiokenblocks_attr":"","_kiokenblocks_dimensions":""},"product_cat":[4155],"product_tag":[6506],"class_list":{"0":"entry","1":"author-demosmobilia","2":"post-43066","3":"product","4":"type-product","5":"status-publish","6":"has-post-thumbnail","7":"product_production-herman-miller","8":"product_year-2430","9":"product_nation-usa-de","10":"product_cat-sessel-de","11":"product_tag-eames-charles-ray-de","12":"pa_product_dimension-68-x-57-x-bestuhlung-ht-43-cm-total-ht-82-cm","14":"first","15":"outofstock","16":"shipping-taxable","17":"purchasable","18":"product-type-simple"},"yoast_head":"<!-- This site is optimized with the Yoast SEO plugin v24.0 - https:\/\/yoast.com\/wordpress\/plugins\/seo\/ -->\n<title>Herman Miller Schwarzer Leder-Lobby-Drehstuhl ES 104 &#8211; demosmobilia<\/title>\n<meta name=\"robots\" content=\"index, follow, max-snippet:-1, max-image-preview:large, max-video-preview:-1\" \/>\n<link rel=\"canonical\" href=\"https:\/\/www.demosmobilia.ch\/de\/product\/herman-miller-schwarzer-leder-lobby-drehstuhl-es-104\/\" \/>\n<meta property=\"og:locale\" content=\"de_DE\" \/>\n<meta property=\"og:type\" content=\"article\" \/>\n<meta property=\"og:title\" content=\"Herman Miller Schwarzer Leder-Lobby-Drehstuhl ES 104 &#8211; demosmobilia\" \/>\n<meta property=\"og:description\" content=\"Der Lobby Chair ist vom strukturellen Aufbau her mit dem Lounge Chair vergleichbar, was den Komfort angeht. Er besteht aus drei einzelnen Polstern, die durch Aluminium-Seitenrahmen miteinander verbunden sind. Der Sessel wurde urspr\u00fcnglich f\u00fcr die Einrichtung der Lobbybereiche im New Yorker Time Life Building konzipiert. Mit seinen \u00fcppig gepolsterten Lederkissen hat der ES 104 Lobby Chair vor allem eines: au\u00dfergew\u00f6hnlichen Komfort.Read More &rarr;\" \/>\n<meta property=\"og:url\" content=\"https:\/\/www.demosmobilia.ch\/de\/product\/herman-miller-schwarzer-leder-lobby-drehstuhl-es-104\/\" \/>\n<meta property=\"og:site_name\" content=\"demosmobilia\" \/>\n<meta property=\"article:publisher\" content=\"https:\/\/www.facebook.com\/Demos-Mobilia-1137017453131445\/\" \/>\n<meta property=\"article:modified_time\" content=\"2021-05-27T11:42:43+00:00\" \/>\n<meta property=\"og:image\" content=\"https:\/\/www.demosmobilia.ch\/wp-content\/uploads\/2020\/10\/vitra-eames-lobby-armchairs-office-black-lather-01.jpg\" \/>\n\t<meta property=\"og:image:width\" content=\"1200\" \/>\n\t<meta property=\"og:image:height\" content=\"900\" \/>\n\t<meta property=\"og:image:type\" content=\"image\/jpeg\" \/>\n<meta name=\"twitter:card\" content=\"summary_large_image\" \/>\n<script type=\"application\/ld+json\" class=\"yoast-schema-graph\">{\"@context\":\"https:\/\/schema.org\",\"@graph\":[{\"@type\":\"WebPage\",\"@id\":\"https:\/\/www.demosmobilia.ch\/de\/product\/herman-miller-schwarzer-leder-lobby-drehstuhl-es-104\/\",\"url\":\"https:\/\/www.demosmobilia.ch\/de\/product\/herman-miller-schwarzer-leder-lobby-drehstuhl-es-104\/\",\"name\":\"Herman Miller Schwarzer Leder-Lobby-Drehstuhl ES 104 &#8211; demosmobilia\",\"isPartOf\":{\"@id\":\"https:\/\/www.demosmobilia.ch\/de\/#website\"},\"primaryImageOfPage\":{\"@id\":\"https:\/\/www.demosmobilia.ch\/de\/product\/herman-miller-schwarzer-leder-lobby-drehstuhl-es-104\/#primaryimage\"},\"image\":{\"@id\":\"https:\/\/www.demosmobilia.ch\/de\/product\/herman-miller-schwarzer-leder-lobby-drehstuhl-es-104\/#primaryimage\"},\"thumbnailUrl\":\"https:\/\/www.demosmobilia.ch\/wp-content\/uploads\/2020\/10\/vitra-eames-lobby-armchairs-office-black-lather-01.jpg\",\"datePublished\":\"2020-10-20T11:00:15+00:00\",\"dateModified\":\"2021-05-27T11:42:43+00:00\",\"breadcrumb\":{\"@id\":\"https:\/\/www.demosmobilia.ch\/de\/product\/herman-miller-schwarzer-leder-lobby-drehstuhl-es-104\/#breadcrumb\"},\"inLanguage\":\"de\",\"potentialAction\":[{\"@type\":\"ReadAction\",\"target\":[\"https:\/\/www.demosmobilia.ch\/de\/product\/herman-miller-schwarzer-leder-lobby-drehstuhl-es-104\/\"]}]},{\"@type\":\"ImageObject\",\"inLanguage\":\"de\",\"@id\":\"https:\/\/www.demosmobilia.ch\/de\/product\/herman-miller-schwarzer-leder-lobby-drehstuhl-es-104\/#primaryimage\",\"url\":\"https:\/\/www.demosmobilia.ch\/wp-content\/uploads\/2020\/10\/vitra-eames-lobby-armchairs-office-black-lather-01.jpg\",\"contentUrl\":\"https:\/\/www.demosmobilia.ch\/wp-content\/uploads\/2020\/10\/vitra-eames-lobby-armchairs-office-black-lather-01.jpg\",\"width\":1200,\"height\":900},{\"@type\":\"BreadcrumbList\",\"@id\":\"https:\/\/www.demosmobilia.ch\/de\/product\/herman-miller-schwarzer-leder-lobby-drehstuhl-es-104\/#breadcrumb\",\"itemListElement\":[{\"@type\":\"ListItem\",\"position\":1,\"name\":\"Home\",\"item\":\"https:\/\/www.demosmobilia.ch\/de\/\"},{\"@type\":\"ListItem\",\"position\":2,\"name\":\"Produkte\",\"item\":\"https:\/\/www.demosmobilia.ch\/de\/shop\/\"},{\"@type\":\"ListItem\",\"position\":3,\"name\":\"Herman Miller Schwarzer Leder-Lobby-Drehstuhl ES 104\"}]},{\"@type\":\"WebSite\",\"@id\":\"https:\/\/www.demosmobilia.ch\/de\/#website\",\"url\":\"https:\/\/www.demosmobilia.ch\/de\/\",\"name\":\"demosmobilia\",\"description\":\"Vintage Mid Century Modern Design Furniture from the &#039;30s to the &#039;80s\",\"publisher\":{\"@id\":\"https:\/\/www.demosmobilia.ch\/de\/#organization\"},\"potentialAction\":[{\"@type\":\"SearchAction\",\"target\":{\"@type\":\"EntryPoint\",\"urlTemplate\":\"https:\/\/www.demosmobilia.ch\/de\/?s={search_term_string}\"},\"query-input\":{\"@type\":\"PropertyValueSpecification\",\"valueRequired\":true,\"valueName\":\"search_term_string\"}}],\"inLanguage\":\"de\"},{\"@type\":\"Organization\",\"@id\":\"https:\/\/www.demosmobilia.ch\/de\/#organization\",\"name\":\"demosmobilia\",\"url\":\"https:\/\/www.demosmobilia.ch\/de\/\",\"logo\":{\"@type\":\"ImageObject\",\"inLanguage\":\"de\",\"@id\":\"https:\/\/www.demosmobilia.ch\/de\/#\/schema\/logo\/image\/\",\"url\":\"https:\/\/www.demosmobilia.ch\/wp-content\/uploads\/2020\/07\/demosmobilia-logo-2020-230-160.png\",\"contentUrl\":\"https:\/\/www.demosmobilia.ch\/wp-content\/uploads\/2020\/07\/demosmobilia-logo-2020-230-160.png\",\"width\":230,\"height\":160,\"caption\":\"demosmobilia\"},\"image\":{\"@id\":\"https:\/\/www.demosmobilia.ch\/de\/#\/schema\/logo\/image\/\"},\"sameAs\":[\"https:\/\/www.facebook.com\/Demos-Mobilia-1137017453131445\/\",\"https:\/\/www.instagram.com\/demosmobilia\/\"]}]}<\/script>\n<!-- \/ Yoast SEO plugin. -->","yoast_head_json":{"title":"Herman Miller Schwarzer Leder-Lobby-Drehstuhl ES 104 &#8211; demosmobilia","robots":{"index":"index","follow":"follow","max-snippet":"max-snippet:-1","max-image-preview":"max-image-preview:large","max-video-preview":"max-video-preview:-1"},"canonical":"https:\/\/www.demosmobilia.ch\/de\/product\/herman-miller-schwarzer-leder-lobby-drehstuhl-es-104\/","og_locale":"de_DE","og_type":"article","og_title":"Herman Miller Schwarzer Leder-Lobby-Drehstuhl ES 104 &#8211; demosmobilia","og_description":"Der Lobby Chair ist vom strukturellen Aufbau her mit dem Lounge Chair vergleichbar, was den Komfort angeht. Er besteht aus drei einzelnen Polstern, die durch Aluminium-Seitenrahmen miteinander verbunden sind. Der Sessel wurde urspr\u00fcnglich f\u00fcr die Einrichtung der Lobbybereiche im New Yorker Time Life Building konzipiert. Mit seinen \u00fcppig gepolsterten Lederkissen hat der ES 104 Lobby Chair vor allem eines: au\u00dfergew\u00f6hnlichen Komfort.Read More &rarr;","og_url":"https:\/\/www.demosmobilia.ch\/de\/product\/herman-miller-schwarzer-leder-lobby-drehstuhl-es-104\/","og_site_name":"demosmobilia","article_publisher":"https:\/\/www.facebook.com\/Demos-Mobilia-1137017453131445\/","article_modified_time":"2021-05-27T11:42:43+00:00","og_image":[{"width":1200,"height":900,"url":"https:\/\/www.demosmobilia.ch\/wp-content\/uploads\/2020\/10\/vitra-eames-lobby-armchairs-office-black-lather-01.jpg","type":"image\/jpeg"}],"twitter_card":"summary_large_image","schema":{"@context":"https:\/\/schema.org","@graph":[{"@type":"WebPage","@id":"https:\/\/www.demosmobilia.ch\/de\/product\/herman-miller-schwarzer-leder-lobby-drehstuhl-es-104\/","url":"https:\/\/www.demosmobilia.ch\/de\/product\/herman-miller-schwarzer-leder-lobby-drehstuhl-es-104\/","name":"Herman Miller Schwarzer Leder-Lobby-Drehstuhl ES 104 &#8211; demosmobilia","isPartOf":{"@id":"https:\/\/www.demosmobilia.ch\/de\/#website"},"primaryImageOfPage":{"@id":"https:\/\/www.demosmobilia.ch\/de\/product\/herman-miller-schwarzer-leder-lobby-drehstuhl-es-104\/#primaryimage"},"image":{"@id":"https:\/\/www.demosmobilia.ch\/de\/product\/herman-miller-schwarzer-leder-lobby-drehstuhl-es-104\/#primaryimage"},"thumbnailUrl":"https:\/\/www.demosmobilia.ch\/wp-content\/uploads\/2020\/10\/vitra-eames-lobby-armchairs-office-black-lather-01.jpg","datePublished":"2020-10-20T11:00:15+00:00","dateModified":"2021-05-27T11:42:43+00:00","breadcrumb":{"@id":"https:\/\/www.demosmobilia.ch\/de\/product\/herman-miller-schwarzer-leder-lobby-drehstuhl-es-104\/#breadcrumb"},"inLanguage":"de","potentialAction":[{"@type":"ReadAction","target":["https:\/\/www.demosmobilia.ch\/de\/product\/herman-miller-schwarzer-leder-lobby-drehstuhl-es-104\/"]}]},{"@type":"ImageObject","inLanguage":"de","@id":"https:\/\/www.demosmobilia.ch\/de\/product\/herman-miller-schwarzer-leder-lobby-drehstuhl-es-104\/#primaryimage","url":"https:\/\/www.demosmobilia.ch\/wp-content\/uploads\/2020\/10\/vitra-eames-lobby-armchairs-office-black-lather-01.jpg","contentUrl":"https:\/\/www.demosmobilia.ch\/wp-content\/uploads\/2020\/10\/vitra-eames-lobby-armchairs-office-black-lather-01.jpg","width":1200,"height":900},{"@type":"BreadcrumbList","@id":"https:\/\/www.demosmobilia.ch\/de\/product\/herman-miller-schwarzer-leder-lobby-drehstuhl-es-104\/#breadcrumb","itemListElement":[{"@type":"ListItem","position":1,"name":"Home","item":"https:\/\/www.demosmobilia.ch\/de\/"},{"@type":"ListItem","position":2,"name":"Produkte","item":"https:\/\/www.demosmobilia.ch\/de\/shop\/"},{"@type":"ListItem","position":3,"name":"Herman Miller Schwarzer Leder-Lobby-Drehstuhl ES 104"}]},{"@type":"WebSite","@id":"https:\/\/www.demosmobilia.ch\/de\/#website","url":"https:\/\/www.demosmobilia.ch\/de\/","name":"demosmobilia","description":"Vintage Mid Century Modern Design Furniture from the &#039;30s to the &#039;80s","publisher":{"@id":"https:\/\/www.demosmobilia.ch\/de\/#organization"},"potentialAction":[{"@type":"SearchAction","target":{"@type":"EntryPoint","urlTemplate":"https:\/\/www.demosmobilia.ch\/de\/?s={search_term_string}"},"query-input":{"@type":"PropertyValueSpecification","valueRequired":true,"valueName":"search_term_string"}}],"inLanguage":"de"},{"@type":"Organization","@id":"https:\/\/www.demosmobilia.ch\/de\/#organization","name":"demosmobilia","url":"https:\/\/www.demosmobilia.ch\/de\/","logo":{"@type":"ImageObject","inLanguage":"de","@id":"https:\/\/www.demosmobilia.ch\/de\/#\/schema\/logo\/image\/","url":"https:\/\/www.demosmobilia.ch\/wp-content\/uploads\/2020\/07\/demosmobilia-logo-2020-230-160.png","contentUrl":"https:\/\/www.demosmobilia.ch\/wp-content\/uploads\/2020\/07\/demosmobilia-logo-2020-230-160.png","width":230,"height":160,"caption":"demosmobilia"},"image":{"@id":"https:\/\/www.demosmobilia.ch\/de\/#\/schema\/logo\/image\/"},"sameAs":["https:\/\/www.facebook.com\/Demos-Mobilia-1137017453131445\/","https:\/\/www.instagram.com\/demosmobilia\/"]}]}},"_links":{"self":[{"href":"https:\/\/www.demosmobilia.ch\/de\/wp-json\/wp\/v2\/product\/43066","targetHints":{"allow":["GET"]}}],"collection":[{"href":"https:\/\/www.demosmobilia.ch\/de\/wp-json\/wp\/v2\/product"}],"about":[{"href":"https:\/\/www.demosmobilia.ch\/de\/wp-json\/wp\/v2\/types\/product"}],"wp:featuredmedia":[{"embeddable":true,"href":"https:\/\/www.demosmobilia.ch\/de\/wp-json\/wp\/v2\/media\/45881"}],"wp:attachment":[{"href":"https:\/\/www.demosmobilia.ch\/de\/wp-json\/wp\/v2\/media?parent=43066"}],"wp:term":[{"taxonomy":"product_cat","embeddable":true,"href":"https:\/\/www.demosmobilia.ch\/de\/wp-json\/wp\/v2\/product_cat?post=43066"},{"taxonomy":"product_tag","embeddable":true,"href":"https:\/\/www.demosmobilia.ch\/de\/wp-json\/wp\/v2\/product_tag?post=43066"}],"curies":[{"name":"wp","href":"https:\/\/api.w.org\/{rel}","templated":true}]}}