{"id":40531,"date":"2020-12-28T12:10:53","date_gmt":"2020-11-02T15:10:53","guid":{"rendered":"https:\/\/www.demosmobilia.ch\/product\/seltener-sessel-mod-fiorenza-1956\/"},"modified":"2020-11-02T16:10:53","modified_gmt":"2020-11-02T15:10:53","slug":"seltener-sessel-mod-fiorenza-1956","status":"publish","type":"product","link":"https:\/\/www.demosmobilia.ch\/de\/product\/seltener-sessel-mod-fiorenza-1956\/","title":{"rendered":"Seltener Sessel mod. Fiorenza, 1956"},"content":{"rendered":"<p>Dieser Fiorenza-Sessel wurde von Franco Albini entworfen und 1956 von Arflex in Italien hergestellt. Diese spezielle Version war das zweite Projekt des Fiorenza-Sessels, das Albini realisiert hat. F\u00fcr diesen Sessel Fiorenza von 1956 beschloss Albini, Sitz, R\u00fcckenlehne und Armlehnen auf einer \u00e4u\u00dferen Holzstruktur mit einem raffinierten Design zu platzieren. Dieser Entwurf hat diesen Fiorenza-Sessel stabiler gemacht als den vorherigen, wobei auch die St\u00fctze des St\u00fccks als einzigartiger, sichtbarer und wesentlicher Teil des Stuhldesigns integriert wurde.<\/p>\n","protected":false},"excerpt":{"rendered":"<p>Dieser Fiorenza-Sessel wurde von Franco Albini entworfen und 1956 von Arflex in Italien hergestellt. Diese spezielle Version war das zweite Projekt des Fiorenza-Sessels, das Albini realisiert hat. F\u00fcr diesen Sessel Fiorenza von 1956 beschloss Albini, Sitz, R\u00fcckenlehne und Armlehnen auf einer \u00e4u\u00dferen Holzstruktur mit einem raffinierten Design zu platzieren. Dieser Entwurf hat diesen Fiorenza-Sessel stabiler gemacht als den vorherigen, wobei auch die St\u00fctze des St\u00fccks als einzigartiger, sichtbarer und wesentlicher Teil des Stuhldesigns integriert wurde.<a class=\"more-link\" href=\"https:\/\/www.demosmobilia.ch\/de\/product\/seltener-sessel-mod-fiorenza-1956\/\">Read More &rarr;<\/a><\/p>\n","protected":false},"featured_media":40472,"template":"","meta":{"_monsterinsights_skip_tracking":false,"_monsterinsights_sitenote_active":false,"_monsterinsights_sitenote_note":"","_monsterinsights_sitenote_category":0,"kk_blocks_editor_width":"","_kiokenblocks_attr":"","_kiokenblocks_dimensions":""},"product_cat":[4106,4155],"product_tag":[6533],"class_list":{"0":"entry","1":"author-demosmobilia","2":"post-40531","3":"product","4":"type-product","5":"status-publish","6":"has-post-thumbnail","7":"product_production-arflex","8":"product_year-2509","9":"product_nation-italien-de","10":"product_cat-neuheiten","11":"product_cat-sessel-de","12":"product_tag-albini-franco-de","13":"pa_product_dimension-77-x-89-x-sitzung-ht-42-cm","14":"pa_product_dimension-total-ht-105-cm-de","15":"pa_product_material-mahagoni-messing-polsterung-wolle-de","17":"first","18":"outofstock","19":"shipping-taxable","20":"product-type-simple"},"yoast_head":"<!-- This site is optimized with the Yoast SEO plugin v24.0 - https:\/\/yoast.com\/wordpress\/plugins\/seo\/ -->\n<title>Seltener Sessel mod. Fiorenza, 1956 &#8211; demosmobilia<\/title>\n<meta name=\"robots\" content=\"index, follow, max-snippet:-1, max-image-preview:large, max-video-preview:-1\" \/>\n<link rel=\"canonical\" href=\"https:\/\/www.demosmobilia.ch\/de\/product\/seltener-sessel-mod-fiorenza-1956\/\" \/>\n<meta property=\"og:locale\" content=\"de_DE\" \/>\n<meta property=\"og:type\" content=\"article\" \/>\n<meta property=\"og:title\" content=\"Seltener Sessel mod. Fiorenza, 1956 &#8211; demosmobilia\" \/>\n<meta property=\"og:description\" content=\"Dieser Fiorenza-Sessel wurde von Franco Albini entworfen und 1956 von Arflex in Italien hergestellt. Diese spezielle Version war das zweite Projekt des Fiorenza-Sessels, das Albini realisiert hat. F\u00fcr diesen Sessel Fiorenza von 1956 beschloss Albini, Sitz, R\u00fcckenlehne und Armlehnen auf einer \u00e4u\u00dferen Holzstruktur mit einem raffinierten Design zu platzieren. Dieser Entwurf hat diesen Fiorenza-Sessel stabiler gemacht als den vorherigen, wobei auch die St\u00fctze des St\u00fccks als einzigartiger, sichtbarer und wesentlicher Teil des Stuhldesigns integriert wurde.Read More &rarr;\" \/>\n<meta property=\"og:url\" content=\"https:\/\/www.demosmobilia.ch\/de\/product\/seltener-sessel-mod-fiorenza-1956\/\" \/>\n<meta property=\"og:site_name\" content=\"demosmobilia\" \/>\n<meta property=\"article:publisher\" content=\"https:\/\/www.facebook.com\/Demos-Mobilia-1137017453131445\/\" \/>\n<meta property=\"og:image\" content=\"https:\/\/www.demosmobilia.ch\/wp-content\/uploads\/2020\/11\/Franco-Albini-1956-Fiorenza-Armchair-Arflex-01.jpg\" \/>\n\t<meta property=\"og:image:width\" content=\"1200\" \/>\n\t<meta property=\"og:image:height\" content=\"900\" \/>\n\t<meta property=\"og:image:type\" content=\"image\/jpeg\" \/>\n<meta name=\"twitter:card\" content=\"summary_large_image\" \/>\n<script type=\"application\/ld+json\" class=\"yoast-schema-graph\">{\"@context\":\"https:\/\/schema.org\",\"@graph\":[{\"@type\":\"WebPage\",\"@id\":\"https:\/\/www.demosmobilia.ch\/de\/product\/seltener-sessel-mod-fiorenza-1956\/\",\"url\":\"https:\/\/www.demosmobilia.ch\/de\/product\/seltener-sessel-mod-fiorenza-1956\/\",\"name\":\"Seltener Sessel mod. Fiorenza, 1956 &#8211; demosmobilia\",\"isPartOf\":{\"@id\":\"https:\/\/www.demosmobilia.ch\/de\/#website\"},\"primaryImageOfPage\":{\"@id\":\"https:\/\/www.demosmobilia.ch\/de\/product\/seltener-sessel-mod-fiorenza-1956\/#primaryimage\"},\"image\":{\"@id\":\"https:\/\/www.demosmobilia.ch\/de\/product\/seltener-sessel-mod-fiorenza-1956\/#primaryimage\"},\"thumbnailUrl\":\"https:\/\/www.demosmobilia.ch\/wp-content\/uploads\/2020\/11\/Franco-Albini-1956-Fiorenza-Armchair-Arflex-01.jpg\",\"datePublished\":\"2020-11-02T15:10:53+00:00\",\"dateModified\":\"2020-11-02T15:10:53+00:00\",\"breadcrumb\":{\"@id\":\"https:\/\/www.demosmobilia.ch\/de\/product\/seltener-sessel-mod-fiorenza-1956\/#breadcrumb\"},\"inLanguage\":\"de\",\"potentialAction\":[{\"@type\":\"ReadAction\",\"target\":[\"https:\/\/www.demosmobilia.ch\/de\/product\/seltener-sessel-mod-fiorenza-1956\/\"]}]},{\"@type\":\"ImageObject\",\"inLanguage\":\"de\",\"@id\":\"https:\/\/www.demosmobilia.ch\/de\/product\/seltener-sessel-mod-fiorenza-1956\/#primaryimage\",\"url\":\"https:\/\/www.demosmobilia.ch\/wp-content\/uploads\/2020\/11\/Franco-Albini-1956-Fiorenza-Armchair-Arflex-01.jpg\",\"contentUrl\":\"https:\/\/www.demosmobilia.ch\/wp-content\/uploads\/2020\/11\/Franco-Albini-1956-Fiorenza-Armchair-Arflex-01.jpg\",\"width\":1200,\"height\":900},{\"@type\":\"BreadcrumbList\",\"@id\":\"https:\/\/www.demosmobilia.ch\/de\/product\/seltener-sessel-mod-fiorenza-1956\/#breadcrumb\",\"itemListElement\":[{\"@type\":\"ListItem\",\"position\":1,\"name\":\"Home\",\"item\":\"https:\/\/www.demosmobilia.ch\/de\/\"},{\"@type\":\"ListItem\",\"position\":2,\"name\":\"Produkte\",\"item\":\"https:\/\/www.demosmobilia.ch\/de\/shop\/\"},{\"@type\":\"ListItem\",\"position\":3,\"name\":\"Seltener Sessel mod. Fiorenza, 1956\"}]},{\"@type\":\"WebSite\",\"@id\":\"https:\/\/www.demosmobilia.ch\/de\/#website\",\"url\":\"https:\/\/www.demosmobilia.ch\/de\/\",\"name\":\"demosmobilia\",\"description\":\"Vintage Mid Century Modern Design Furniture from the &#039;30s to the &#039;80s\",\"publisher\":{\"@id\":\"https:\/\/www.demosmobilia.ch\/de\/#organization\"},\"potentialAction\":[{\"@type\":\"SearchAction\",\"target\":{\"@type\":\"EntryPoint\",\"urlTemplate\":\"https:\/\/www.demosmobilia.ch\/de\/?s={search_term_string}\"},\"query-input\":{\"@type\":\"PropertyValueSpecification\",\"valueRequired\":true,\"valueName\":\"search_term_string\"}}],\"inLanguage\":\"de\"},{\"@type\":\"Organization\",\"@id\":\"https:\/\/www.demosmobilia.ch\/de\/#organization\",\"name\":\"demosmobilia\",\"url\":\"https:\/\/www.demosmobilia.ch\/de\/\",\"logo\":{\"@type\":\"ImageObject\",\"inLanguage\":\"de\",\"@id\":\"https:\/\/www.demosmobilia.ch\/de\/#\/schema\/logo\/image\/\",\"url\":\"https:\/\/www.demosmobilia.ch\/wp-content\/uploads\/2020\/07\/demosmobilia-logo-2020-230-160.png\",\"contentUrl\":\"https:\/\/www.demosmobilia.ch\/wp-content\/uploads\/2020\/07\/demosmobilia-logo-2020-230-160.png\",\"width\":230,\"height\":160,\"caption\":\"demosmobilia\"},\"image\":{\"@id\":\"https:\/\/www.demosmobilia.ch\/de\/#\/schema\/logo\/image\/\"},\"sameAs\":[\"https:\/\/www.facebook.com\/Demos-Mobilia-1137017453131445\/\",\"https:\/\/www.instagram.com\/demosmobilia\/\"]}]}<\/script>\n<!-- \/ Yoast SEO plugin. -->","yoast_head_json":{"title":"Seltener Sessel mod. Fiorenza, 1956 &#8211; demosmobilia","robots":{"index":"index","follow":"follow","max-snippet":"max-snippet:-1","max-image-preview":"max-image-preview:large","max-video-preview":"max-video-preview:-1"},"canonical":"https:\/\/www.demosmobilia.ch\/de\/product\/seltener-sessel-mod-fiorenza-1956\/","og_locale":"de_DE","og_type":"article","og_title":"Seltener Sessel mod. Fiorenza, 1956 &#8211; demosmobilia","og_description":"Dieser Fiorenza-Sessel wurde von Franco Albini entworfen und 1956 von Arflex in Italien hergestellt. Diese spezielle Version war das zweite Projekt des Fiorenza-Sessels, das Albini realisiert hat. F\u00fcr diesen Sessel Fiorenza von 1956 beschloss Albini, Sitz, R\u00fcckenlehne und Armlehnen auf einer \u00e4u\u00dferen Holzstruktur mit einem raffinierten Design zu platzieren. Dieser Entwurf hat diesen Fiorenza-Sessel stabiler gemacht als den vorherigen, wobei auch die St\u00fctze des St\u00fccks als einzigartiger, sichtbarer und wesentlicher Teil des Stuhldesigns integriert wurde.Read More &rarr;","og_url":"https:\/\/www.demosmobilia.ch\/de\/product\/seltener-sessel-mod-fiorenza-1956\/","og_site_name":"demosmobilia","article_publisher":"https:\/\/www.facebook.com\/Demos-Mobilia-1137017453131445\/","og_image":[{"width":1200,"height":900,"url":"https:\/\/www.demosmobilia.ch\/wp-content\/uploads\/2020\/11\/Franco-Albini-1956-Fiorenza-Armchair-Arflex-01.jpg","type":"image\/jpeg"}],"twitter_card":"summary_large_image","schema":{"@context":"https:\/\/schema.org","@graph":[{"@type":"WebPage","@id":"https:\/\/www.demosmobilia.ch\/de\/product\/seltener-sessel-mod-fiorenza-1956\/","url":"https:\/\/www.demosmobilia.ch\/de\/product\/seltener-sessel-mod-fiorenza-1956\/","name":"Seltener Sessel mod. Fiorenza, 1956 &#8211; demosmobilia","isPartOf":{"@id":"https:\/\/www.demosmobilia.ch\/de\/#website"},"primaryImageOfPage":{"@id":"https:\/\/www.demosmobilia.ch\/de\/product\/seltener-sessel-mod-fiorenza-1956\/#primaryimage"},"image":{"@id":"https:\/\/www.demosmobilia.ch\/de\/product\/seltener-sessel-mod-fiorenza-1956\/#primaryimage"},"thumbnailUrl":"https:\/\/www.demosmobilia.ch\/wp-content\/uploads\/2020\/11\/Franco-Albini-1956-Fiorenza-Armchair-Arflex-01.jpg","datePublished":"2020-11-02T15:10:53+00:00","dateModified":"2020-11-02T15:10:53+00:00","breadcrumb":{"@id":"https:\/\/www.demosmobilia.ch\/de\/product\/seltener-sessel-mod-fiorenza-1956\/#breadcrumb"},"inLanguage":"de","potentialAction":[{"@type":"ReadAction","target":["https:\/\/www.demosmobilia.ch\/de\/product\/seltener-sessel-mod-fiorenza-1956\/"]}]},{"@type":"ImageObject","inLanguage":"de","@id":"https:\/\/www.demosmobilia.ch\/de\/product\/seltener-sessel-mod-fiorenza-1956\/#primaryimage","url":"https:\/\/www.demosmobilia.ch\/wp-content\/uploads\/2020\/11\/Franco-Albini-1956-Fiorenza-Armchair-Arflex-01.jpg","contentUrl":"https:\/\/www.demosmobilia.ch\/wp-content\/uploads\/2020\/11\/Franco-Albini-1956-Fiorenza-Armchair-Arflex-01.jpg","width":1200,"height":900},{"@type":"BreadcrumbList","@id":"https:\/\/www.demosmobilia.ch\/de\/product\/seltener-sessel-mod-fiorenza-1956\/#breadcrumb","itemListElement":[{"@type":"ListItem","position":1,"name":"Home","item":"https:\/\/www.demosmobilia.ch\/de\/"},{"@type":"ListItem","position":2,"name":"Produkte","item":"https:\/\/www.demosmobilia.ch\/de\/shop\/"},{"@type":"ListItem","position":3,"name":"Seltener Sessel mod. Fiorenza, 1956"}]},{"@type":"WebSite","@id":"https:\/\/www.demosmobilia.ch\/de\/#website","url":"https:\/\/www.demosmobilia.ch\/de\/","name":"demosmobilia","description":"Vintage Mid Century Modern Design Furniture from the &#039;30s to the &#039;80s","publisher":{"@id":"https:\/\/www.demosmobilia.ch\/de\/#organization"},"potentialAction":[{"@type":"SearchAction","target":{"@type":"EntryPoint","urlTemplate":"https:\/\/www.demosmobilia.ch\/de\/?s={search_term_string}"},"query-input":{"@type":"PropertyValueSpecification","valueRequired":true,"valueName":"search_term_string"}}],"inLanguage":"de"},{"@type":"Organization","@id":"https:\/\/www.demosmobilia.ch\/de\/#organization","name":"demosmobilia","url":"https:\/\/www.demosmobilia.ch\/de\/","logo":{"@type":"ImageObject","inLanguage":"de","@id":"https:\/\/www.demosmobilia.ch\/de\/#\/schema\/logo\/image\/","url":"https:\/\/www.demosmobilia.ch\/wp-content\/uploads\/2020\/07\/demosmobilia-logo-2020-230-160.png","contentUrl":"https:\/\/www.demosmobilia.ch\/wp-content\/uploads\/2020\/07\/demosmobilia-logo-2020-230-160.png","width":230,"height":160,"caption":"demosmobilia"},"image":{"@id":"https:\/\/www.demosmobilia.ch\/de\/#\/schema\/logo\/image\/"},"sameAs":["https:\/\/www.facebook.com\/Demos-Mobilia-1137017453131445\/","https:\/\/www.instagram.com\/demosmobilia\/"]}]}},"_links":{"self":[{"href":"https:\/\/www.demosmobilia.ch\/de\/wp-json\/wp\/v2\/product\/40531","targetHints":{"allow":["GET"]}}],"collection":[{"href":"https:\/\/www.demosmobilia.ch\/de\/wp-json\/wp\/v2\/product"}],"about":[{"href":"https:\/\/www.demosmobilia.ch\/de\/wp-json\/wp\/v2\/types\/product"}],"wp:featuredmedia":[{"embeddable":true,"href":"https:\/\/www.demosmobilia.ch\/de\/wp-json\/wp\/v2\/media\/40472"}],"wp:attachment":[{"href":"https:\/\/www.demosmobilia.ch\/de\/wp-json\/wp\/v2\/media?parent=40531"}],"wp:term":[{"taxonomy":"product_cat","embeddable":true,"href":"https:\/\/www.demosmobilia.ch\/de\/wp-json\/wp\/v2\/product_cat?post=40531"},{"taxonomy":"product_tag","embeddable":true,"href":"https:\/\/www.demosmobilia.ch\/de\/wp-json\/wp\/v2\/product_tag?post=40531"}],"curies":[{"name":"wp","href":"https:\/\/api.w.org\/{rel}","templated":true}]}}