{"id":39365,"date":"2020-12-20T13:44:26","date_gmt":"2020-09-18T11:44:26","guid":{"rendered":"https:\/\/www.demosmobilia.ch\/product\/sofa-oder-tagesbett-mod-minerva\/"},"modified":"2020-09-18T13:44:26","modified_gmt":"2020-09-18T11:44:26","slug":"sofa-oder-tagesbett-mod-minerva","status":"publish","type":"product","link":"https:\/\/www.demosmobilia.ch\/de\/product\/sofa-oder-tagesbett-mod-minerva\/","title":{"rendered":"Sofa oder Tagesbett mod. Minerva"},"content":{"rendered":"<p>Dieses Modell Minerva Sofa\/Tagesliege wurde 1953 vom d\u00e4nischen Duo Peter Hvidt &amp; Orla M\u00f8lgaard-Nielsen entworfen.<br \/>Neuer gelber Stoff auf einem Teakholzrahmen. Bei der Serie Minerva handelt es sich um eine ganze Reihe von Sofas in verschiedenen Gr\u00f6\u00dfen und mit verschiedenen Armlehnenoptionen (auch mit Ecktisch), die in verschiedenen Konfigurationen zusammengef\u00fcgt werden k\u00f6nnen. Alle Sofas k\u00f6nnen in einer der Konfigurationen oder auch nur f\u00fcr sich allein verwendet werden.<\/p>\n","protected":false},"excerpt":{"rendered":"<p>Dieses Modell Minerva Sofa\/Tagesliege wurde 1953 vom d\u00e4nischen Duo Peter Hvidt &amp; Orla M\u00f8lgaard-Nielsen entworfen.Neuer gelber Stoff auf einem Teakholzrahmen. Bei der Serie Minerva handelt es sich um eine ganze Reihe von Sofas in verschiedenen Gr\u00f6\u00dfen und mit verschiedenen Armlehnenoptionen (auch mit Ecktisch), die in verschiedenen Konfigurationen zusammengef\u00fcgt werden k\u00f6nnen. Alle Sofas k\u00f6nnen in einer der Konfigurationen oder auch nur f\u00fcr sich allein verwendet werden.<a class=\"more-link\" href=\"https:\/\/www.demosmobilia.ch\/de\/product\/sofa-oder-tagesbett-mod-minerva\/\">Read More &rarr;<\/a><\/p>\n","protected":false},"featured_media":38633,"template":"","meta":{"_monsterinsights_skip_tracking":false,"_monsterinsights_sitenote_active":false,"_monsterinsights_sitenote_note":"","_monsterinsights_sitenote_category":0,"kk_blocks_editor_width":"","_kiokenblocks_attr":"","_kiokenblocks_dimensions":""},"product_cat":[4157,4106,4163],"product_tag":[6874],"class_list":{"0":"entry","1":"author-demosmobilia","2":"post-39365","3":"product","4":"type-product","5":"status-publish","6":"has-post-thumbnail","7":"product_production-france-son","8":"product_year-1950-approx","9":"product_nation-denmark-de","10":"product_cat-betten-und-dormeuse","11":"product_cat-neuheiten","12":"product_cat-sofas-und-schlafsofas","13":"product_tag-hvidt-peter-de","14":"pa_product_dimension-190-x-76-x-sitzung-ht-40-cm","15":"pa_product_dimension-total-ht-81-cm-de","16":"pa_product_material-holz-metall-komplett-neu-gepolstert-mit-einem-neuen-bezug-in-neuem-stoff-gelb","18":"first","19":"outofstock","20":"shipping-taxable","21":"purchasable","22":"product-type-simple"},"yoast_head":"<!-- This site is optimized with the Yoast SEO plugin v24.0 - https:\/\/yoast.com\/wordpress\/plugins\/seo\/ -->\n<title>Sofa oder Tagesbett mod. Minerva &#8211; demosmobilia<\/title>\n<meta name=\"robots\" content=\"index, follow, max-snippet:-1, max-image-preview:large, max-video-preview:-1\" \/>\n<link rel=\"canonical\" href=\"https:\/\/www.demosmobilia.ch\/de\/product\/sofa-oder-tagesbett-mod-minerva\/\" \/>\n<meta property=\"og:locale\" content=\"de_DE\" \/>\n<meta property=\"og:type\" content=\"article\" \/>\n<meta property=\"og:title\" content=\"Sofa oder Tagesbett mod. Minerva &#8211; demosmobilia\" \/>\n<meta property=\"og:description\" content=\"Dieses Modell Minerva Sofa\/Tagesliege wurde 1953 vom d\u00e4nischen Duo Peter Hvidt &amp; Orla M\u00f8lgaard-Nielsen entworfen.Neuer gelber Stoff auf einem Teakholzrahmen. Bei der Serie Minerva handelt es sich um eine ganze Reihe von Sofas in verschiedenen Gr\u00f6\u00dfen und mit verschiedenen Armlehnenoptionen (auch mit Ecktisch), die in verschiedenen Konfigurationen zusammengef\u00fcgt werden k\u00f6nnen. Alle Sofas k\u00f6nnen in einer der Konfigurationen oder auch nur f\u00fcr sich allein verwendet werden.Read More &rarr;\" \/>\n<meta property=\"og:url\" content=\"https:\/\/www.demosmobilia.ch\/de\/product\/sofa-oder-tagesbett-mod-minerva\/\" \/>\n<meta property=\"og:site_name\" content=\"demosmobilia\" \/>\n<meta property=\"article:publisher\" content=\"https:\/\/www.facebook.com\/Demos-Mobilia-1137017453131445\/\" \/>\n<meta property=\"og:image\" content=\"https:\/\/www.demosmobilia.ch\/wp-content\/uploads\/2020\/09\/Sofa-minerva-Hvidt-Peter-FranceSon-1950Denmark-01.jpg\" \/>\n\t<meta property=\"og:image:width\" content=\"1200\" \/>\n\t<meta property=\"og:image:height\" content=\"900\" \/>\n\t<meta property=\"og:image:type\" content=\"image\/jpeg\" \/>\n<meta name=\"twitter:card\" content=\"summary_large_image\" \/>\n<script type=\"application\/ld+json\" class=\"yoast-schema-graph\">{\"@context\":\"https:\/\/schema.org\",\"@graph\":[{\"@type\":\"WebPage\",\"@id\":\"https:\/\/www.demosmobilia.ch\/de\/product\/sofa-oder-tagesbett-mod-minerva\/\",\"url\":\"https:\/\/www.demosmobilia.ch\/de\/product\/sofa-oder-tagesbett-mod-minerva\/\",\"name\":\"Sofa oder Tagesbett mod. Minerva &#8211; demosmobilia\",\"isPartOf\":{\"@id\":\"https:\/\/www.demosmobilia.ch\/de\/#website\"},\"primaryImageOfPage\":{\"@id\":\"https:\/\/www.demosmobilia.ch\/de\/product\/sofa-oder-tagesbett-mod-minerva\/#primaryimage\"},\"image\":{\"@id\":\"https:\/\/www.demosmobilia.ch\/de\/product\/sofa-oder-tagesbett-mod-minerva\/#primaryimage\"},\"thumbnailUrl\":\"https:\/\/www.demosmobilia.ch\/wp-content\/uploads\/2020\/09\/Sofa-minerva-Hvidt-Peter-FranceSon-1950Denmark-01.jpg\",\"datePublished\":\"2020-09-18T11:44:26+00:00\",\"dateModified\":\"2020-09-18T11:44:26+00:00\",\"breadcrumb\":{\"@id\":\"https:\/\/www.demosmobilia.ch\/de\/product\/sofa-oder-tagesbett-mod-minerva\/#breadcrumb\"},\"inLanguage\":\"de\",\"potentialAction\":[{\"@type\":\"ReadAction\",\"target\":[\"https:\/\/www.demosmobilia.ch\/de\/product\/sofa-oder-tagesbett-mod-minerva\/\"]}]},{\"@type\":\"ImageObject\",\"inLanguage\":\"de\",\"@id\":\"https:\/\/www.demosmobilia.ch\/de\/product\/sofa-oder-tagesbett-mod-minerva\/#primaryimage\",\"url\":\"https:\/\/www.demosmobilia.ch\/wp-content\/uploads\/2020\/09\/Sofa-minerva-Hvidt-Peter-FranceSon-1950Denmark-01.jpg\",\"contentUrl\":\"https:\/\/www.demosmobilia.ch\/wp-content\/uploads\/2020\/09\/Sofa-minerva-Hvidt-Peter-FranceSon-1950Denmark-01.jpg\",\"width\":1200,\"height\":900},{\"@type\":\"BreadcrumbList\",\"@id\":\"https:\/\/www.demosmobilia.ch\/de\/product\/sofa-oder-tagesbett-mod-minerva\/#breadcrumb\",\"itemListElement\":[{\"@type\":\"ListItem\",\"position\":1,\"name\":\"Home\",\"item\":\"https:\/\/www.demosmobilia.ch\/de\/\"},{\"@type\":\"ListItem\",\"position\":2,\"name\":\"Produkte\",\"item\":\"https:\/\/www.demosmobilia.ch\/de\/shop\/\"},{\"@type\":\"ListItem\",\"position\":3,\"name\":\"Sofa oder Tagesbett mod. Minerva\"}]},{\"@type\":\"WebSite\",\"@id\":\"https:\/\/www.demosmobilia.ch\/de\/#website\",\"url\":\"https:\/\/www.demosmobilia.ch\/de\/\",\"name\":\"demosmobilia\",\"description\":\"Vintage Mid Century Modern Design Furniture from the &#039;30s to the &#039;80s\",\"publisher\":{\"@id\":\"https:\/\/www.demosmobilia.ch\/de\/#organization\"},\"potentialAction\":[{\"@type\":\"SearchAction\",\"target\":{\"@type\":\"EntryPoint\",\"urlTemplate\":\"https:\/\/www.demosmobilia.ch\/de\/?s={search_term_string}\"},\"query-input\":{\"@type\":\"PropertyValueSpecification\",\"valueRequired\":true,\"valueName\":\"search_term_string\"}}],\"inLanguage\":\"de\"},{\"@type\":\"Organization\",\"@id\":\"https:\/\/www.demosmobilia.ch\/de\/#organization\",\"name\":\"demosmobilia\",\"url\":\"https:\/\/www.demosmobilia.ch\/de\/\",\"logo\":{\"@type\":\"ImageObject\",\"inLanguage\":\"de\",\"@id\":\"https:\/\/www.demosmobilia.ch\/de\/#\/schema\/logo\/image\/\",\"url\":\"https:\/\/www.demosmobilia.ch\/wp-content\/uploads\/2020\/07\/demosmobilia-logo-2020-230-160.png\",\"contentUrl\":\"https:\/\/www.demosmobilia.ch\/wp-content\/uploads\/2020\/07\/demosmobilia-logo-2020-230-160.png\",\"width\":230,\"height\":160,\"caption\":\"demosmobilia\"},\"image\":{\"@id\":\"https:\/\/www.demosmobilia.ch\/de\/#\/schema\/logo\/image\/\"},\"sameAs\":[\"https:\/\/www.facebook.com\/Demos-Mobilia-1137017453131445\/\",\"https:\/\/www.instagram.com\/demosmobilia\/\"]}]}<\/script>\n<!-- \/ Yoast SEO plugin. -->","yoast_head_json":{"title":"Sofa oder Tagesbett mod. Minerva &#8211; demosmobilia","robots":{"index":"index","follow":"follow","max-snippet":"max-snippet:-1","max-image-preview":"max-image-preview:large","max-video-preview":"max-video-preview:-1"},"canonical":"https:\/\/www.demosmobilia.ch\/de\/product\/sofa-oder-tagesbett-mod-minerva\/","og_locale":"de_DE","og_type":"article","og_title":"Sofa oder Tagesbett mod. Minerva &#8211; demosmobilia","og_description":"Dieses Modell Minerva Sofa\/Tagesliege wurde 1953 vom d\u00e4nischen Duo Peter Hvidt &amp; Orla M\u00f8lgaard-Nielsen entworfen.Neuer gelber Stoff auf einem Teakholzrahmen. Bei der Serie Minerva handelt es sich um eine ganze Reihe von Sofas in verschiedenen Gr\u00f6\u00dfen und mit verschiedenen Armlehnenoptionen (auch mit Ecktisch), die in verschiedenen Konfigurationen zusammengef\u00fcgt werden k\u00f6nnen. Alle Sofas k\u00f6nnen in einer der Konfigurationen oder auch nur f\u00fcr sich allein verwendet werden.Read More &rarr;","og_url":"https:\/\/www.demosmobilia.ch\/de\/product\/sofa-oder-tagesbett-mod-minerva\/","og_site_name":"demosmobilia","article_publisher":"https:\/\/www.facebook.com\/Demos-Mobilia-1137017453131445\/","og_image":[{"width":1200,"height":900,"url":"https:\/\/www.demosmobilia.ch\/wp-content\/uploads\/2020\/09\/Sofa-minerva-Hvidt-Peter-FranceSon-1950Denmark-01.jpg","type":"image\/jpeg"}],"twitter_card":"summary_large_image","schema":{"@context":"https:\/\/schema.org","@graph":[{"@type":"WebPage","@id":"https:\/\/www.demosmobilia.ch\/de\/product\/sofa-oder-tagesbett-mod-minerva\/","url":"https:\/\/www.demosmobilia.ch\/de\/product\/sofa-oder-tagesbett-mod-minerva\/","name":"Sofa oder Tagesbett mod. Minerva &#8211; demosmobilia","isPartOf":{"@id":"https:\/\/www.demosmobilia.ch\/de\/#website"},"primaryImageOfPage":{"@id":"https:\/\/www.demosmobilia.ch\/de\/product\/sofa-oder-tagesbett-mod-minerva\/#primaryimage"},"image":{"@id":"https:\/\/www.demosmobilia.ch\/de\/product\/sofa-oder-tagesbett-mod-minerva\/#primaryimage"},"thumbnailUrl":"https:\/\/www.demosmobilia.ch\/wp-content\/uploads\/2020\/09\/Sofa-minerva-Hvidt-Peter-FranceSon-1950Denmark-01.jpg","datePublished":"2020-09-18T11:44:26+00:00","dateModified":"2020-09-18T11:44:26+00:00","breadcrumb":{"@id":"https:\/\/www.demosmobilia.ch\/de\/product\/sofa-oder-tagesbett-mod-minerva\/#breadcrumb"},"inLanguage":"de","potentialAction":[{"@type":"ReadAction","target":["https:\/\/www.demosmobilia.ch\/de\/product\/sofa-oder-tagesbett-mod-minerva\/"]}]},{"@type":"ImageObject","inLanguage":"de","@id":"https:\/\/www.demosmobilia.ch\/de\/product\/sofa-oder-tagesbett-mod-minerva\/#primaryimage","url":"https:\/\/www.demosmobilia.ch\/wp-content\/uploads\/2020\/09\/Sofa-minerva-Hvidt-Peter-FranceSon-1950Denmark-01.jpg","contentUrl":"https:\/\/www.demosmobilia.ch\/wp-content\/uploads\/2020\/09\/Sofa-minerva-Hvidt-Peter-FranceSon-1950Denmark-01.jpg","width":1200,"height":900},{"@type":"BreadcrumbList","@id":"https:\/\/www.demosmobilia.ch\/de\/product\/sofa-oder-tagesbett-mod-minerva\/#breadcrumb","itemListElement":[{"@type":"ListItem","position":1,"name":"Home","item":"https:\/\/www.demosmobilia.ch\/de\/"},{"@type":"ListItem","position":2,"name":"Produkte","item":"https:\/\/www.demosmobilia.ch\/de\/shop\/"},{"@type":"ListItem","position":3,"name":"Sofa oder Tagesbett mod. Minerva"}]},{"@type":"WebSite","@id":"https:\/\/www.demosmobilia.ch\/de\/#website","url":"https:\/\/www.demosmobilia.ch\/de\/","name":"demosmobilia","description":"Vintage Mid Century Modern Design Furniture from the &#039;30s to the &#039;80s","publisher":{"@id":"https:\/\/www.demosmobilia.ch\/de\/#organization"},"potentialAction":[{"@type":"SearchAction","target":{"@type":"EntryPoint","urlTemplate":"https:\/\/www.demosmobilia.ch\/de\/?s={search_term_string}"},"query-input":{"@type":"PropertyValueSpecification","valueRequired":true,"valueName":"search_term_string"}}],"inLanguage":"de"},{"@type":"Organization","@id":"https:\/\/www.demosmobilia.ch\/de\/#organization","name":"demosmobilia","url":"https:\/\/www.demosmobilia.ch\/de\/","logo":{"@type":"ImageObject","inLanguage":"de","@id":"https:\/\/www.demosmobilia.ch\/de\/#\/schema\/logo\/image\/","url":"https:\/\/www.demosmobilia.ch\/wp-content\/uploads\/2020\/07\/demosmobilia-logo-2020-230-160.png","contentUrl":"https:\/\/www.demosmobilia.ch\/wp-content\/uploads\/2020\/07\/demosmobilia-logo-2020-230-160.png","width":230,"height":160,"caption":"demosmobilia"},"image":{"@id":"https:\/\/www.demosmobilia.ch\/de\/#\/schema\/logo\/image\/"},"sameAs":["https:\/\/www.facebook.com\/Demos-Mobilia-1137017453131445\/","https:\/\/www.instagram.com\/demosmobilia\/"]}]}},"_links":{"self":[{"href":"https:\/\/www.demosmobilia.ch\/de\/wp-json\/wp\/v2\/product\/39365","targetHints":{"allow":["GET"]}}],"collection":[{"href":"https:\/\/www.demosmobilia.ch\/de\/wp-json\/wp\/v2\/product"}],"about":[{"href":"https:\/\/www.demosmobilia.ch\/de\/wp-json\/wp\/v2\/types\/product"}],"wp:featuredmedia":[{"embeddable":true,"href":"https:\/\/www.demosmobilia.ch\/de\/wp-json\/wp\/v2\/media\/38633"}],"wp:attachment":[{"href":"https:\/\/www.demosmobilia.ch\/de\/wp-json\/wp\/v2\/media?parent=39365"}],"wp:term":[{"taxonomy":"product_cat","embeddable":true,"href":"https:\/\/www.demosmobilia.ch\/de\/wp-json\/wp\/v2\/product_cat?post=39365"},{"taxonomy":"product_tag","embeddable":true,"href":"https:\/\/www.demosmobilia.ch\/de\/wp-json\/wp\/v2\/product_tag?post=39365"}],"curies":[{"name":"wp","href":"https:\/\/api.w.org\/{rel}","templated":true}]}}