{"id":38385,"date":"2020-09-16T12:32:00","date_gmt":"2020-09-16T10:32:00","guid":{"rendered":"https:\/\/www.demosmobilia.ch\/kaufen-und-verkaufen\/"},"modified":"2020-12-22T18:22:59","modified_gmt":"2020-12-22T17:22:59","slug":"kaufen-und-verkaufen","status":"publish","type":"page","link":"https:\/\/www.demosmobilia.ch\/de\/kaufen-und-verkaufen\/","title":{"rendered":"Kaufen und Verkaufen"},"content":{"rendered":"<p><p><strong>Unsere Hauptaufgabe ist es, Ihre W\u00fcnsche zu erf\u00fcllen, und um dies bestm\u00f6glich zu tun, werden wir Sie Schritt f\u00fcr Schritt begleiten, von der Auswahl eines bestimmten Artikels bis zum endg\u00fcltigen Versand.<\/strong><\/p><\/p><p><p><strong>VERKAUFEN<br\/><\/strong>Wir sind st\u00e4ndig auf der Suche nach neuen Artikeln f\u00fcr unsere Sammlung, und wir freuen uns, jeden Artikel zu pr\u00fcfen, den Sie verkaufen m\u00f6chten.<br\/>Unsere Erfahrung und Marktkenntnis k\u00f6nnen auch f\u00fcr eine Vielzahl von privaten Transaktionen und Beratungen genutzt werden.<br\/>Zus\u00e4tzlich zu unseren Dienstleistungen k\u00f6nnen wir auch beim An- und Verkauf von Objekten oder ganzen Sammlungen au\u00dferhalb des Verkaufsprozesses behilflich sein.<\/p><\/p><p><p><strong>WIE SIE KAUFEN<\/strong><br\/>Alle Demosmobilia-Artikel werden unter den folgenden Bestimmungen und Bedingungen verkauft.<\/p><\/p><p><p><strong>INFO-ANFRAGE<br\/><\/strong>Stellen Sie telefonisch, per E-Mail oder pers\u00f6nlich eine Informationsanfrage \u00fcber die Artikel, an denen Sie interessiert sind, und wir werden Ihnen alle erforderlichen Informationen zur Verf\u00fcgung stellen.<br\/>Geben Sie bitte die Artikelnummer an.<\/p><\/p><p><p>Aufgrund des Vintage-Charakters unserer Artikel sollten K\u00e4ufer wissen, dass die meisten Artikel gebraucht sind. Es wird den K\u00e4ufern empfohlen, sich telefonisch, per E-Mail oder pers\u00f6nlich \u00fcber den Zustand jedes Artikels, den sie zu kaufen beabsichtigen, zu erkundigen.<\/p>&#13;\n<p>Nicht alle Zustandsprobleme sind vieleicht fotografiert oder online referenziert, aber wir freuen uns, Ihnen vor dem Kauf pers\u00f6nlich eine detailliertere Beschreibung und\/oder zus\u00e4tzliche Fotos zur Verf\u00fcgung zu stellen.<br\/>M\u00fcndliche oder schriftliche Aussagen zu allen Artikeln von Demosmobilia sind nur als Meinungen gedacht und stellen keine Garantie dar.<\/p><\/p><p><p><strong>IHRE BESTELLUNG AUFGEBEN<\/strong><br\/>Geben Sie Ihre Bestellung per Telefon, E-Mail oder pers\u00f6nlich auf. Die Artikel, die Sie interessieren, werden 14 Tage lang reserviert.<\/p><\/p><p><p>Die Zahlung sollte innerhalb von 14 Tagen in einer der folgenden akzeptierten Zahlungsformen erfolgen:<br\/>\u2014 Bank\u00fcberweisung<br\/>\u2014 Bargeld<\/p>&#13;\n<p>\u00a0<\/p><\/p><p><p><strong>VERSAND<\/strong><br\/>Kostenvoranschl\u00e4ge f\u00fcr den Versand k\u00f6nnen vor dem Kauf abgegeben werden.<br\/>Wir versenden weltweit mit verschiedenen Versandmethoden.<br\/>Alle Bestellungen werden versichert, wenn nicht m\u00f6glich, versendet Demosmobilia nur auf alleiniges Risiko und Kosten des K\u00e4ufers.<br\/>Demosmobilia \u00fcbernimmt keine Garantie f\u00fcr Preis, Lieferzeit oder Qualit\u00e4t.<\/p><\/p><p><p><strong>VERSANDQUITTUNG<\/strong><br\/>Wir wollen immer verhindern, dass Ihre wertvollen Eink\u00e4ufe besch\u00e4digt werden. In sehr seltenen F\u00e4llen kann es jedoch vorkommen, dass Pakete falsch behandelt werden.<br\/>Unsere Sendungen sind versichert, aber Sie m\u00fcssen das Verfahren korrekt befolgen, um diesen Service nutzen zu k\u00f6nnen:<\/p><\/p><ul class=\"wp-block-list\"><li>Nutzen Sie die M\u00f6glichkeit, das Paket mit &#8222;Vorbehalt&#8220; zu erhalten, diese von jedem Versandunternehmen einger\u00e4umte M\u00f6glichkeit erm\u00f6glicht es Ihnen, eventuelle Transportsch\u00e4den an den Waren leichter zu melden.<\/li><li>Die Pakete m\u00fcssen sofort ge\u00f6ffnet werden! Wir k\u00f6nnen keine Berichte akzeptieren, die mehr als 36 Stunden nach der Zustellung des Pakets eingehen.<\/li><li>\u00dcberpr\u00fcfen Sie das Paket bei der Lieferung auf sichtbare Sch\u00e4den. Wenn es besch\u00e4digt ist, bitten Sie den Spediteur, beim \u00d6ffnen des Pakets anwesend zu sein. Wenn dies nicht m\u00f6glich ist, fotografieren Sie das geschlossene Paket und erstellen Sie einen Fotobericht, der den gesamten Prozess des \u00d6ffnens des Pakets illustriert.<\/li><li>Melden Sie jeden Schaden sofort, und zwar sofort, indem Sie Bilder und eine Beschreibung beif\u00fcgen.<\/li><\/ul><p><p><strong>R\u00dcCKKEHREN<br\/><\/strong>Alle Verk\u00e4ufe sind endg\u00fcltig.<br\/>Wenn es Konditionsprobleme gibt, die nicht online ver\u00f6ffentlicht oder vor dem Kauf nicht besprochen wurden, k\u00f6nnen Sie innerhalb von 7 Tagen nach Erhalt des Artikels eine R\u00fcckgabe verlangen.<br\/>Der K\u00e4ufer \u00fcbernimmt die Verantwortung f\u00fcr die Bezahlung aller Sendungen und alle Sch\u00e4den, die der Artikel w\u00e4hrend dieser Zeit entstehen k\u00f6nnen, unabh\u00e4ngig vom Grund der R\u00fcckgabe.<\/p><\/p><p><\/p>","protected":false},"excerpt":{"rendered":"<p>Unsere Hauptaufgabe ist es, Ihre W\u00fcnsche zu erf\u00fcllen, und um dies bestm\u00f6glich zu tun, werden wir Sie Schritt f\u00fcr Schritt begleiten, von der Auswahl eines bestimmten Artikels bis zum endg\u00fcltigen Versand. VERKAUFENWir sind st\u00e4ndig auf der Suche nach neuen Artikeln f\u00fcr unsere Sammlung, und wir freuen uns, jeden Artikel zu pr\u00fcfen, den Sie verkaufen m\u00f6chten.Unsere Erfahrung und Marktkenntnis k\u00f6nnen auch f\u00fcr eine Vielzahl von privaten Transaktionen und Beratungen genutzt werden.Zus\u00e4tzlich zu unseren Dienstleistungen k\u00f6nnen wir auch beim An- und Verkauf von Objekten oder ganzen Sammlungen au\u00dferhalb des Verkaufsprozesses behilflich sein. WIE SIE KAUFENAlle Demosmobilia-Artikel werden unter den folgenden Bestimmungen und Bedingungen verkauft. INFO-ANFRAGEStellen Sie telefonisch,<a class=\"more-link\" href=\"https:\/\/www.demosmobilia.ch\/de\/kaufen-und-verkaufen\/\">Read More &rarr;<\/a><\/p>\n","protected":false},"author":1,"featured_media":0,"parent":0,"menu_order":0,"comment_status":"closed","ping_status":"closed","template":"","meta":{"_monsterinsights_skip_tracking":false,"_monsterinsights_sitenote_active":false,"_monsterinsights_sitenote_note":"","_monsterinsights_sitenote_category":0,"kk_blocks_editor_width":"","_kiokenblocks_attr":"","_kiokenblocks_dimensions":"","footnotes":""},"class_list":["entry","author-webmaster","post-38385","page","type-page","status-publish"],"yoast_head":"<!-- This site is optimized with the Yoast SEO plugin v24.0 - https:\/\/yoast.com\/wordpress\/plugins\/seo\/ -->\n<title>Kaufen &amp; verkaufen, Infos und Bedingungen &#8211; demosmobilia<\/title>\n<meta name=\"robots\" content=\"index, follow, max-snippet:-1, max-image-preview:large, max-video-preview:-1\" \/>\n<link rel=\"canonical\" href=\"https:\/\/www.demosmobilia.ch\/de\/kaufen-und-verkaufen\/\" \/>\n<meta property=\"og:locale\" content=\"de_DE\" \/>\n<meta property=\"og:type\" content=\"article\" \/>\n<meta property=\"og:title\" content=\"Kaufen &amp; verkaufen, Infos und Bedingungen &#8211; demosmobilia\" \/>\n<meta property=\"og:description\" content=\"Unsere Hauptaufgabe ist es, Ihre W\u00fcnsche zu erf\u00fcllen, und um dies bestm\u00f6glich zu tun, werden wir Sie Schritt f\u00fcr Schritt begleiten, von der Auswahl eines bestimmten Artikels bis zum endg\u00fcltigen Versand. VERKAUFENWir sind st\u00e4ndig auf der Suche nach neuen Artikeln f\u00fcr unsere Sammlung, und wir freuen uns, jeden Artikel zu pr\u00fcfen, den Sie verkaufen m\u00f6chten.Unsere Erfahrung und Marktkenntnis k\u00f6nnen auch f\u00fcr eine Vielzahl von privaten Transaktionen und Beratungen genutzt werden.Zus\u00e4tzlich zu unseren Dienstleistungen k\u00f6nnen wir auch beim An- und Verkauf von Objekten oder ganzen Sammlungen au\u00dferhalb des Verkaufsprozesses behilflich sein. WIE SIE KAUFENAlle Demosmobilia-Artikel werden unter den folgenden Bestimmungen und Bedingungen verkauft. INFO-ANFRAGEStellen Sie telefonisch,Read More &rarr;\" \/>\n<meta property=\"og:url\" content=\"https:\/\/www.demosmobilia.ch\/de\/kaufen-und-verkaufen\/\" \/>\n<meta property=\"og:site_name\" content=\"demosmobilia\" \/>\n<meta property=\"article:publisher\" content=\"https:\/\/www.facebook.com\/Demos-Mobilia-1137017453131445\/\" \/>\n<meta property=\"article:modified_time\" content=\"2020-12-22T17:22:59+00:00\" \/>\n<meta name=\"twitter:card\" content=\"summary_large_image\" \/>\n<meta name=\"twitter:label1\" content=\"Gesch\u00e4tzte Lesezeit\" \/>\n\t<meta name=\"twitter:data1\" content=\"3\u00a0Minuten\" \/>\n<script type=\"application\/ld+json\" class=\"yoast-schema-graph\">{\"@context\":\"https:\/\/schema.org\",\"@graph\":[{\"@type\":\"WebPage\",\"@id\":\"https:\/\/www.demosmobilia.ch\/de\/kaufen-und-verkaufen\/\",\"url\":\"https:\/\/www.demosmobilia.ch\/de\/kaufen-und-verkaufen\/\",\"name\":\"Kaufen & verkaufen, Infos und Bedingungen &#8211; demosmobilia\",\"isPartOf\":{\"@id\":\"https:\/\/www.demosmobilia.ch\/de\/#website\"},\"datePublished\":\"2020-09-16T10:32:00+00:00\",\"dateModified\":\"2020-12-22T17:22:59+00:00\",\"breadcrumb\":{\"@id\":\"https:\/\/www.demosmobilia.ch\/de\/kaufen-und-verkaufen\/#breadcrumb\"},\"inLanguage\":\"de\",\"potentialAction\":[{\"@type\":\"ReadAction\",\"target\":[\"https:\/\/www.demosmobilia.ch\/de\/kaufen-und-verkaufen\/\"]}]},{\"@type\":\"BreadcrumbList\",\"@id\":\"https:\/\/www.demosmobilia.ch\/de\/kaufen-und-verkaufen\/#breadcrumb\",\"itemListElement\":[{\"@type\":\"ListItem\",\"position\":1,\"name\":\"Home\",\"item\":\"https:\/\/www.demosmobilia.ch\/de\/\"},{\"@type\":\"ListItem\",\"position\":2,\"name\":\"Kaufen und Verkaufen\"}]},{\"@type\":\"WebSite\",\"@id\":\"https:\/\/www.demosmobilia.ch\/de\/#website\",\"url\":\"https:\/\/www.demosmobilia.ch\/de\/\",\"name\":\"demosmobilia\",\"description\":\"Vintage Mid Century Modern Design Furniture from the &#039;30s to the &#039;80s\",\"publisher\":{\"@id\":\"https:\/\/www.demosmobilia.ch\/de\/#organization\"},\"potentialAction\":[{\"@type\":\"SearchAction\",\"target\":{\"@type\":\"EntryPoint\",\"urlTemplate\":\"https:\/\/www.demosmobilia.ch\/de\/?s={search_term_string}\"},\"query-input\":{\"@type\":\"PropertyValueSpecification\",\"valueRequired\":true,\"valueName\":\"search_term_string\"}}],\"inLanguage\":\"de\"},{\"@type\":\"Organization\",\"@id\":\"https:\/\/www.demosmobilia.ch\/de\/#organization\",\"name\":\"demosmobilia\",\"url\":\"https:\/\/www.demosmobilia.ch\/de\/\",\"logo\":{\"@type\":\"ImageObject\",\"inLanguage\":\"de\",\"@id\":\"https:\/\/www.demosmobilia.ch\/de\/#\/schema\/logo\/image\/\",\"url\":\"https:\/\/www.demosmobilia.ch\/wp-content\/uploads\/2020\/07\/demosmobilia-logo-2020-230-160.png\",\"contentUrl\":\"https:\/\/www.demosmobilia.ch\/wp-content\/uploads\/2020\/07\/demosmobilia-logo-2020-230-160.png\",\"width\":230,\"height\":160,\"caption\":\"demosmobilia\"},\"image\":{\"@id\":\"https:\/\/www.demosmobilia.ch\/de\/#\/schema\/logo\/image\/\"},\"sameAs\":[\"https:\/\/www.facebook.com\/Demos-Mobilia-1137017453131445\/\",\"https:\/\/www.instagram.com\/demosmobilia\/\"]}]}<\/script>\n<!-- \/ Yoast SEO plugin. -->","yoast_head_json":{"title":"Kaufen & verkaufen, Infos und Bedingungen &#8211; demosmobilia","robots":{"index":"index","follow":"follow","max-snippet":"max-snippet:-1","max-image-preview":"max-image-preview:large","max-video-preview":"max-video-preview:-1"},"canonical":"https:\/\/www.demosmobilia.ch\/de\/kaufen-und-verkaufen\/","og_locale":"de_DE","og_type":"article","og_title":"Kaufen & verkaufen, Infos und Bedingungen &#8211; demosmobilia","og_description":"Unsere Hauptaufgabe ist es, Ihre W\u00fcnsche zu erf\u00fcllen, und um dies bestm\u00f6glich zu tun, werden wir Sie Schritt f\u00fcr Schritt begleiten, von der Auswahl eines bestimmten Artikels bis zum endg\u00fcltigen Versand. VERKAUFENWir sind st\u00e4ndig auf der Suche nach neuen Artikeln f\u00fcr unsere Sammlung, und wir freuen uns, jeden Artikel zu pr\u00fcfen, den Sie verkaufen m\u00f6chten.Unsere Erfahrung und Marktkenntnis k\u00f6nnen auch f\u00fcr eine Vielzahl von privaten Transaktionen und Beratungen genutzt werden.Zus\u00e4tzlich zu unseren Dienstleistungen k\u00f6nnen wir auch beim An- und Verkauf von Objekten oder ganzen Sammlungen au\u00dferhalb des Verkaufsprozesses behilflich sein. WIE SIE KAUFENAlle Demosmobilia-Artikel werden unter den folgenden Bestimmungen und Bedingungen verkauft. INFO-ANFRAGEStellen Sie telefonisch,Read More &rarr;","og_url":"https:\/\/www.demosmobilia.ch\/de\/kaufen-und-verkaufen\/","og_site_name":"demosmobilia","article_publisher":"https:\/\/www.facebook.com\/Demos-Mobilia-1137017453131445\/","article_modified_time":"2020-12-22T17:22:59+00:00","twitter_card":"summary_large_image","twitter_misc":{"Gesch\u00e4tzte Lesezeit":"3\u00a0Minuten"},"schema":{"@context":"https:\/\/schema.org","@graph":[{"@type":"WebPage","@id":"https:\/\/www.demosmobilia.ch\/de\/kaufen-und-verkaufen\/","url":"https:\/\/www.demosmobilia.ch\/de\/kaufen-und-verkaufen\/","name":"Kaufen & verkaufen, Infos und Bedingungen &#8211; demosmobilia","isPartOf":{"@id":"https:\/\/www.demosmobilia.ch\/de\/#website"},"datePublished":"2020-09-16T10:32:00+00:00","dateModified":"2020-12-22T17:22:59+00:00","breadcrumb":{"@id":"https:\/\/www.demosmobilia.ch\/de\/kaufen-und-verkaufen\/#breadcrumb"},"inLanguage":"de","potentialAction":[{"@type":"ReadAction","target":["https:\/\/www.demosmobilia.ch\/de\/kaufen-und-verkaufen\/"]}]},{"@type":"BreadcrumbList","@id":"https:\/\/www.demosmobilia.ch\/de\/kaufen-und-verkaufen\/#breadcrumb","itemListElement":[{"@type":"ListItem","position":1,"name":"Home","item":"https:\/\/www.demosmobilia.ch\/de\/"},{"@type":"ListItem","position":2,"name":"Kaufen und Verkaufen"}]},{"@type":"WebSite","@id":"https:\/\/www.demosmobilia.ch\/de\/#website","url":"https:\/\/www.demosmobilia.ch\/de\/","name":"demosmobilia","description":"Vintage Mid Century Modern Design Furniture from the &#039;30s to the &#039;80s","publisher":{"@id":"https:\/\/www.demosmobilia.ch\/de\/#organization"},"potentialAction":[{"@type":"SearchAction","target":{"@type":"EntryPoint","urlTemplate":"https:\/\/www.demosmobilia.ch\/de\/?s={search_term_string}"},"query-input":{"@type":"PropertyValueSpecification","valueRequired":true,"valueName":"search_term_string"}}],"inLanguage":"de"},{"@type":"Organization","@id":"https:\/\/www.demosmobilia.ch\/de\/#organization","name":"demosmobilia","url":"https:\/\/www.demosmobilia.ch\/de\/","logo":{"@type":"ImageObject","inLanguage":"de","@id":"https:\/\/www.demosmobilia.ch\/de\/#\/schema\/logo\/image\/","url":"https:\/\/www.demosmobilia.ch\/wp-content\/uploads\/2020\/07\/demosmobilia-logo-2020-230-160.png","contentUrl":"https:\/\/www.demosmobilia.ch\/wp-content\/uploads\/2020\/07\/demosmobilia-logo-2020-230-160.png","width":230,"height":160,"caption":"demosmobilia"},"image":{"@id":"https:\/\/www.demosmobilia.ch\/de\/#\/schema\/logo\/image\/"},"sameAs":["https:\/\/www.facebook.com\/Demos-Mobilia-1137017453131445\/","https:\/\/www.instagram.com\/demosmobilia\/"]}]}},"wps_subtitle":"","_links":{"self":[{"href":"https:\/\/www.demosmobilia.ch\/de\/wp-json\/wp\/v2\/pages\/38385","targetHints":{"allow":["GET"]}}],"collection":[{"href":"https:\/\/www.demosmobilia.ch\/de\/wp-json\/wp\/v2\/pages"}],"about":[{"href":"https:\/\/www.demosmobilia.ch\/de\/wp-json\/wp\/v2\/types\/page"}],"author":[{"embeddable":true,"href":"https:\/\/www.demosmobilia.ch\/de\/wp-json\/wp\/v2\/users\/1"}],"replies":[{"embeddable":true,"href":"https:\/\/www.demosmobilia.ch\/de\/wp-json\/wp\/v2\/comments?post=38385"}],"version-history":[{"count":5,"href":"https:\/\/www.demosmobilia.ch\/de\/wp-json\/wp\/v2\/pages\/38385\/revisions"}],"predecessor-version":[{"id":43093,"href":"https:\/\/www.demosmobilia.ch\/de\/wp-json\/wp\/v2\/pages\/38385\/revisions\/43093"}],"wp:attachment":[{"href":"https:\/\/www.demosmobilia.ch\/de\/wp-json\/wp\/v2\/media?parent=38385"}],"curies":[{"name":"wp","href":"https:\/\/api.w.org\/{rel}","templated":true}]}}