{"id":38374,"date":"2020-09-16T12:18:18","date_gmt":"2020-09-16T10:18:18","guid":{"rendered":"https:\/\/www.demosmobilia.ch\/datenschutzerklaerung\/"},"modified":"2020-09-16T12:30:28","modified_gmt":"2020-09-16T10:30:28","slug":"datenschutzerklaerung","status":"publish","type":"page","link":"https:\/\/www.demosmobilia.ch\/de\/datenschutzerklaerung\/","title":{"rendered":"Datenschutzerkl\u00e4rung"},"content":{"rendered":"<p><strong>Liebe Designfreunde und -kollegen, alle Designliebhaber,<br\/><br\/>Vielleicht haben Sie von der neuen Allgemeinen Datenschutzverordnung (GDPR) geh\u00f6rt, die am 25. Mai 2018 in Kraft tritt.<br\/><br\/>Das bedeutet, dass wir nach dieser neuen Regelung Ihre pers\u00f6nlichen Daten nur mit Ihrer Zustimmung verwenden d\u00fcrfen.<br\/><br\/>Wenn Sie weiterhin Informationen von uns erhalten m\u00f6chten, brauchen Sie nichts zu tun, und damit erm\u00e4chtigen Sie uns, Sie \u00fcber unsere Aktivit\u00e4ten auf dem Laufenden zu halten.<br\/><br\/>Wir versichern, Ihre Daten (Name und E-Mail-Adresse) ausschlie\u00dflich f\u00fcr unseren Newsletter zu verwenden.<br\/><br\/>Wenn Sie keine weiteren Informationen von demosmobilia erhalten m\u00f6chten, melden Sie sich bitte \u00fcber den Link in der Fu\u00dfzeile dieser E-Mail ab.<br\/><br\/><br\/>Wir danken Ihnen f\u00fcr Ihr langj\u00e4hriges Interesse und Vertrauen und hoffen, mit Ihnen in Kontakt zu bleiben!<\/strong><\/p><p><strong>Herzliche Gr\u00fc\u00dfe, Demosmobilia<\/strong><\/p>","protected":false},"excerpt":{"rendered":"<p>Liebe Designfreunde und -kollegen, alle Designliebhaber, Vielleicht haben Sie von der neuen Allgemeinen Datenschutzverordnung (GDPR) geh\u00f6rt, die am 25. Mai 2018 in Kraft tritt. Das bedeutet, dass wir nach dieser neuen Regelung Ihre pers\u00f6nlichen Daten nur mit Ihrer Zustimmung verwenden d\u00fcrfen. Wenn Sie weiterhin Informationen von uns erhalten m\u00f6chten, brauchen Sie nichts zu tun, und damit erm\u00e4chtigen Sie uns, Sie \u00fcber unsere Aktivit\u00e4ten auf dem Laufenden zu halten. Wir versichern, Ihre Daten (Name und E-Mail-Adresse) ausschlie\u00dflich f\u00fcr unseren Newsletter zu verwenden. Wenn Sie keine weiteren Informationen von demosmobilia erhalten m\u00f6chten, melden Sie sich bitte \u00fcber den Link in der Fu\u00dfzeile dieser E-Mail ab. Wir danken<a class=\"more-link\" href=\"https:\/\/www.demosmobilia.ch\/de\/datenschutzerklaerung\/\">Read More &rarr;<\/a><\/p>\n","protected":false},"author":1,"featured_media":0,"parent":0,"menu_order":0,"comment_status":"closed","ping_status":"closed","template":"","meta":{"_monsterinsights_skip_tracking":false,"_monsterinsights_sitenote_active":false,"_monsterinsights_sitenote_note":"","_monsterinsights_sitenote_category":0,"kk_blocks_editor_width":"","_kiokenblocks_attr":"","_kiokenblocks_dimensions":"","footnotes":""},"class_list":["entry","author-webmaster","post-38374","page","type-page","status-publish"],"yoast_head":"<!-- This site is optimized with the Yoast SEO plugin v24.0 - https:\/\/yoast.com\/wordpress\/plugins\/seo\/ -->\n<title>Datenschutzerkl\u00e4rung &#8211; demosmobilia<\/title>\n<meta name=\"robots\" content=\"noindex, follow\" \/>\n<meta property=\"og:locale\" content=\"de_DE\" \/>\n<meta property=\"og:type\" content=\"article\" \/>\n<meta property=\"og:title\" content=\"Datenschutzerkl\u00e4rung &#8211; demosmobilia\" \/>\n<meta property=\"og:description\" content=\"Liebe Designfreunde und -kollegen, alle Designliebhaber, Vielleicht haben Sie von der neuen Allgemeinen Datenschutzverordnung (GDPR) geh\u00f6rt, die am 25. Mai 2018 in Kraft tritt. Das bedeutet, dass wir nach dieser neuen Regelung Ihre pers\u00f6nlichen Daten nur mit Ihrer Zustimmung verwenden d\u00fcrfen. Wenn Sie weiterhin Informationen von uns erhalten m\u00f6chten, brauchen Sie nichts zu tun, und damit erm\u00e4chtigen Sie uns, Sie \u00fcber unsere Aktivit\u00e4ten auf dem Laufenden zu halten. Wir versichern, Ihre Daten (Name und E-Mail-Adresse) ausschlie\u00dflich f\u00fcr unseren Newsletter zu verwenden. Wenn Sie keine weiteren Informationen von demosmobilia erhalten m\u00f6chten, melden Sie sich bitte \u00fcber den Link in der Fu\u00dfzeile dieser E-Mail ab. Wir dankenRead More &rarr;\" \/>\n<meta property=\"og:url\" content=\"https:\/\/www.demosmobilia.ch\/de\/datenschutzerklaerung\/\" \/>\n<meta property=\"og:site_name\" content=\"demosmobilia\" \/>\n<meta property=\"article:publisher\" content=\"https:\/\/www.facebook.com\/Demos-Mobilia-1137017453131445\/\" \/>\n<meta property=\"article:modified_time\" content=\"2020-09-16T10:30:28+00:00\" \/>\n<meta name=\"twitter:card\" content=\"summary_large_image\" \/>\n<meta name=\"twitter:label1\" content=\"Gesch\u00e4tzte Lesezeit\" \/>\n\t<meta name=\"twitter:data1\" content=\"1\u00a0Minute\" \/>\n<script type=\"application\/ld+json\" class=\"yoast-schema-graph\">{\"@context\":\"https:\/\/schema.org\",\"@graph\":[{\"@type\":\"WebPage\",\"@id\":\"https:\/\/www.demosmobilia.ch\/de\/datenschutzerklaerung\/\",\"url\":\"https:\/\/www.demosmobilia.ch\/de\/datenschutzerklaerung\/\",\"name\":\"Datenschutzerkl\u00e4rung &#8211; demosmobilia\",\"isPartOf\":{\"@id\":\"https:\/\/www.demosmobilia.ch\/de\/#website\"},\"datePublished\":\"2020-09-16T10:18:18+00:00\",\"dateModified\":\"2020-09-16T10:30:28+00:00\",\"breadcrumb\":{\"@id\":\"https:\/\/www.demosmobilia.ch\/de\/datenschutzerklaerung\/#breadcrumb\"},\"inLanguage\":\"de\",\"potentialAction\":[{\"@type\":\"ReadAction\",\"target\":[\"https:\/\/www.demosmobilia.ch\/de\/datenschutzerklaerung\/\"]}]},{\"@type\":\"BreadcrumbList\",\"@id\":\"https:\/\/www.demosmobilia.ch\/de\/datenschutzerklaerung\/#breadcrumb\",\"itemListElement\":[{\"@type\":\"ListItem\",\"position\":1,\"name\":\"Home\",\"item\":\"https:\/\/www.demosmobilia.ch\/de\/\"},{\"@type\":\"ListItem\",\"position\":2,\"name\":\"Datenschutzerkl\u00e4rung\"}]},{\"@type\":\"WebSite\",\"@id\":\"https:\/\/www.demosmobilia.ch\/de\/#website\",\"url\":\"https:\/\/www.demosmobilia.ch\/de\/\",\"name\":\"demosmobilia\",\"description\":\"Vintage Mid Century Modern Design Furniture from the &#039;30s to the &#039;80s\",\"publisher\":{\"@id\":\"https:\/\/www.demosmobilia.ch\/de\/#organization\"},\"potentialAction\":[{\"@type\":\"SearchAction\",\"target\":{\"@type\":\"EntryPoint\",\"urlTemplate\":\"https:\/\/www.demosmobilia.ch\/de\/?s={search_term_string}\"},\"query-input\":{\"@type\":\"PropertyValueSpecification\",\"valueRequired\":true,\"valueName\":\"search_term_string\"}}],\"inLanguage\":\"de\"},{\"@type\":\"Organization\",\"@id\":\"https:\/\/www.demosmobilia.ch\/de\/#organization\",\"name\":\"demosmobilia\",\"url\":\"https:\/\/www.demosmobilia.ch\/de\/\",\"logo\":{\"@type\":\"ImageObject\",\"inLanguage\":\"de\",\"@id\":\"https:\/\/www.demosmobilia.ch\/de\/#\/schema\/logo\/image\/\",\"url\":\"https:\/\/www.demosmobilia.ch\/wp-content\/uploads\/2020\/07\/demosmobilia-logo-2020-230-160.png\",\"contentUrl\":\"https:\/\/www.demosmobilia.ch\/wp-content\/uploads\/2020\/07\/demosmobilia-logo-2020-230-160.png\",\"width\":230,\"height\":160,\"caption\":\"demosmobilia\"},\"image\":{\"@id\":\"https:\/\/www.demosmobilia.ch\/de\/#\/schema\/logo\/image\/\"},\"sameAs\":[\"https:\/\/www.facebook.com\/Demos-Mobilia-1137017453131445\/\",\"https:\/\/www.instagram.com\/demosmobilia\/\"]}]}<\/script>\n<!-- \/ Yoast SEO plugin. -->","yoast_head_json":{"title":"Datenschutzerkl\u00e4rung &#8211; demosmobilia","robots":{"index":"noindex","follow":"follow"},"og_locale":"de_DE","og_type":"article","og_title":"Datenschutzerkl\u00e4rung &#8211; demosmobilia","og_description":"Liebe Designfreunde und -kollegen, alle Designliebhaber, Vielleicht haben Sie von der neuen Allgemeinen Datenschutzverordnung (GDPR) geh\u00f6rt, die am 25. Mai 2018 in Kraft tritt. Das bedeutet, dass wir nach dieser neuen Regelung Ihre pers\u00f6nlichen Daten nur mit Ihrer Zustimmung verwenden d\u00fcrfen. Wenn Sie weiterhin Informationen von uns erhalten m\u00f6chten, brauchen Sie nichts zu tun, und damit erm\u00e4chtigen Sie uns, Sie \u00fcber unsere Aktivit\u00e4ten auf dem Laufenden zu halten. Wir versichern, Ihre Daten (Name und E-Mail-Adresse) ausschlie\u00dflich f\u00fcr unseren Newsletter zu verwenden. Wenn Sie keine weiteren Informationen von demosmobilia erhalten m\u00f6chten, melden Sie sich bitte \u00fcber den Link in der Fu\u00dfzeile dieser E-Mail ab. Wir dankenRead More &rarr;","og_url":"https:\/\/www.demosmobilia.ch\/de\/datenschutzerklaerung\/","og_site_name":"demosmobilia","article_publisher":"https:\/\/www.facebook.com\/Demos-Mobilia-1137017453131445\/","article_modified_time":"2020-09-16T10:30:28+00:00","twitter_card":"summary_large_image","twitter_misc":{"Gesch\u00e4tzte Lesezeit":"1\u00a0Minute"},"schema":{"@context":"https:\/\/schema.org","@graph":[{"@type":"WebPage","@id":"https:\/\/www.demosmobilia.ch\/de\/datenschutzerklaerung\/","url":"https:\/\/www.demosmobilia.ch\/de\/datenschutzerklaerung\/","name":"Datenschutzerkl\u00e4rung &#8211; demosmobilia","isPartOf":{"@id":"https:\/\/www.demosmobilia.ch\/de\/#website"},"datePublished":"2020-09-16T10:18:18+00:00","dateModified":"2020-09-16T10:30:28+00:00","breadcrumb":{"@id":"https:\/\/www.demosmobilia.ch\/de\/datenschutzerklaerung\/#breadcrumb"},"inLanguage":"de","potentialAction":[{"@type":"ReadAction","target":["https:\/\/www.demosmobilia.ch\/de\/datenschutzerklaerung\/"]}]},{"@type":"BreadcrumbList","@id":"https:\/\/www.demosmobilia.ch\/de\/datenschutzerklaerung\/#breadcrumb","itemListElement":[{"@type":"ListItem","position":1,"name":"Home","item":"https:\/\/www.demosmobilia.ch\/de\/"},{"@type":"ListItem","position":2,"name":"Datenschutzerkl\u00e4rung"}]},{"@type":"WebSite","@id":"https:\/\/www.demosmobilia.ch\/de\/#website","url":"https:\/\/www.demosmobilia.ch\/de\/","name":"demosmobilia","description":"Vintage Mid Century Modern Design Furniture from the &#039;30s to the &#039;80s","publisher":{"@id":"https:\/\/www.demosmobilia.ch\/de\/#organization"},"potentialAction":[{"@type":"SearchAction","target":{"@type":"EntryPoint","urlTemplate":"https:\/\/www.demosmobilia.ch\/de\/?s={search_term_string}"},"query-input":{"@type":"PropertyValueSpecification","valueRequired":true,"valueName":"search_term_string"}}],"inLanguage":"de"},{"@type":"Organization","@id":"https:\/\/www.demosmobilia.ch\/de\/#organization","name":"demosmobilia","url":"https:\/\/www.demosmobilia.ch\/de\/","logo":{"@type":"ImageObject","inLanguage":"de","@id":"https:\/\/www.demosmobilia.ch\/de\/#\/schema\/logo\/image\/","url":"https:\/\/www.demosmobilia.ch\/wp-content\/uploads\/2020\/07\/demosmobilia-logo-2020-230-160.png","contentUrl":"https:\/\/www.demosmobilia.ch\/wp-content\/uploads\/2020\/07\/demosmobilia-logo-2020-230-160.png","width":230,"height":160,"caption":"demosmobilia"},"image":{"@id":"https:\/\/www.demosmobilia.ch\/de\/#\/schema\/logo\/image\/"},"sameAs":["https:\/\/www.facebook.com\/Demos-Mobilia-1137017453131445\/","https:\/\/www.instagram.com\/demosmobilia\/"]}]}},"wps_subtitle":"","_links":{"self":[{"href":"https:\/\/www.demosmobilia.ch\/de\/wp-json\/wp\/v2\/pages\/38374","targetHints":{"allow":["GET"]}}],"collection":[{"href":"https:\/\/www.demosmobilia.ch\/de\/wp-json\/wp\/v2\/pages"}],"about":[{"href":"https:\/\/www.demosmobilia.ch\/de\/wp-json\/wp\/v2\/types\/page"}],"author":[{"embeddable":true,"href":"https:\/\/www.demosmobilia.ch\/de\/wp-json\/wp\/v2\/users\/1"}],"replies":[{"embeddable":true,"href":"https:\/\/www.demosmobilia.ch\/de\/wp-json\/wp\/v2\/comments?post=38374"}],"version-history":[{"count":0,"href":"https:\/\/www.demosmobilia.ch\/de\/wp-json\/wp\/v2\/pages\/38374\/revisions"}],"wp:attachment":[{"href":"https:\/\/www.demosmobilia.ch\/de\/wp-json\/wp\/v2\/media?parent=38374"}],"curies":[{"name":"wp","href":"https:\/\/api.w.org\/{rel}","templated":true}]}}