{"id":38348,"date":"2020-05-18T18:32:58","date_gmt":"2020-05-18T16:32:58","guid":{"rendered":"https:\/\/www.demosmobilia.ch\/kontakt\/"},"modified":"2026-01-13T18:38:45","modified_gmt":"2026-01-13T17:38:45","slug":"kontakt","status":"publish","type":"page","link":"https:\/\/www.demosmobilia.ch\/de\/kontakt\/","title":{"rendered":"Kontakt"},"content":{"rendered":"<p><\/p><p><strong>Unser Team<\/strong><\/p><p>Demosmobilia ist ein kleines Team, kommen Sie uns besuchen, wir begleiten Sie bei Ihrer Forschung und Ihren Bed\u00fcrfnissen:<\/p><p>Demetrio Zanetti, ein anerkannter Experte und Kenner des historischen Designs und des Designs des 20. Jahrhunderts, gr\u00fcndete Demosmobilia im Jahr 1995 und verwandelte seine lebenslange Leidenschaft f\u00fcr Sch\u00f6nheit und Gestaltung in eine f\u00fchrende Galerie f\u00fcr Sammlerdesign. Nach mehr als einem Jahrzehnt T\u00e4tigkeit als Theaterschauspieler in ganz Italien entwickelte Zanetti einen geschulten Blick sowie ein tiefes Fachwissen f\u00fcr ikonische M\u00f6bel, Vintage-Design und modernistische Objekte und widmete sich der sorgf\u00e4ltigen Recherche und Sammlung von St\u00fccken von au\u00dfergew\u00f6hnlicher Qualit\u00e4t und hohem historischem Wert. <\/p><p>Seine Vision legte den Grundstein f\u00fcr Demosmobilia als Referenzpunkt f\u00fcr italienisches Design, internationales modernes Design und Mid-Century-M\u00f6bel, mit einem starken Fokus auf Authentizit\u00e4t, kulturelle Bedeutung und zeitlose \u00c4sthetik. Heute spiegelt Demosmobilia weiterhin die urspr\u00fcngliche Philosophie von Demetrio Zanetti wider, indem historische Forschung, kuratorische Exzellenz und die Leidenschaft f\u00fcr die Bewahrung und Vermittlung des Erbes des Designs des 20. Jahrhunderts f\u00fcr Sammler, Architekten und Designliebhaber weltweit miteinander verbunden werden. <br><strong>\u00bb<\/strong> Sie finden Demetrio im <a href=\"tel:+41793370459\">+41 79 337 0459<\/a> (auch auf <a href=\"https:\/\/wa.me\/41793370459\" target=\"_blank\" rel=\"noopener noreferrer\">WhatsApp<\/a>)<\/p><p>Veruska Gennari, die heute DemosMobilia leitet, hat seit fr\u00fchester Jugend eine tiefe Leidenschaft f\u00fcr Design, Sch\u00f6nheit und die \u00c4sthetik von Objekten entwickelt. Nach einer ersten beruflichen Laufbahn im Grafikdesign entschied sie sich, sich vollst\u00e4ndig dem historischen Design und dem Design des 20. Jahrhunderts zu widmen und eine zeitgen\u00f6ssische Sensibilit\u00e4t zu entwickeln, die auf visueller Harmonie, hochwertiger Materialit\u00e4t und zeitloser Eleganz basiert.<br>Bei DemosMobilia kuratiert Veruska Gennari eine anspruchsvolle Auswahl an Sammlerm\u00f6beln, ikonischem Mid-Century-Design und Modernariato und verbindet dabei fundierte historische Recherche mit einem raffinierten Ansatz im Interior Styling. Erg\u00e4nzend zu ihrer kuratorischen T\u00e4tigkeit entwickelt sie exklusive Capsule Collections von M\u00f6beln in limitierter Auflage, die als hochwertige Designstatements f\u00fcr individuelle und anspruchsvolle Interieurs konzipiert sind.<br>Durch ihre Vision st\u00e4rkt Veruska Gennari DemosMobilia als f\u00fchrende Galerie f\u00fcr Vintage-Design, Mid-Century-M\u00f6bel und modernes Sammlerdesign und bietet Architekten, Interior Designern, Sammlern und Designliebhabern ein sorgf\u00e4ltig kuratiertes Universum, in dem Designkultur, \u00c4sthetik und zeitgem\u00e4\u00dfes Wohnen aufeinandertreffen.<br> <br> <br>  <br><strong>\u00bb<\/strong> Sie finden Veruska unter <a href=\"tel:+41792403628\">+41 79 240 3628<\/a> (auch auf <a href=\"https:\/\/wa.me\/41792403628\" target=\"_blank\" rel=\"noopener noreferrer\">WhatsApp<\/a>)<\/p><p>Christian Bamert ist Assistent bei DemosMobilia und eine zentrale operative sowie organisatorische Bezugsperson innerhalb der Galerie. Gepr\u00e4gt von seinen lebenslangen Leidenschaften f\u00fcr Musik und Fu\u00dfball bringt er eine menschliche, pr\u00e4zise und verl\u00e4ssliche Arbeitsweise ein, die den t\u00e4glichen Ablauf einer auf historisches Design und Design des 20. Jahrhunderts spezialisierten Galerie unterst\u00fctzt.<br>Bekannt f\u00fcr seine nat\u00fcrliche Freundlichkeit und seine ausgepr\u00e4gte Aufmerksamkeit f\u00fcr Details, ist Christian Bamert eine unverzichtbare rechte Hand des DemosMobilia-Teams. Er kommuniziert klar, effizient und zielgerichtet und unterst\u00fctzt Kunden, Sammler, Architekten und Fachleute bei jeder Anfrage.<br>Sein Beitrag gew\u00e4hrleistet eine reibungslose und transparente Erfahrung und st\u00e4rkt die Servicequalit\u00e4t von DemosMobilia sowie die Exzellenz der Beratung in den Bereichen historisches Design, Mid-Century-Modern-M\u00f6bel, Modernariato und ikonisches Design des 20. Jahrhunderts.   <br><strong>\u00bb<\/strong> Sie finden Christian unter <a href=\"tel:+41787455126\">+41 78 745 5126<\/a> (auch auf <a href=\"https:\/\/wa.me\/41787455126\" target=\"_blank\" rel=\"noopener noreferrer\">WhatsApp<\/a>)<\/p><p><\/p><p><\/p><p><strong>WO WIR SIND<\/strong><\/p><p><strong>Demos Mobilia Design-Galerie<\/strong>, via Cattedrale 11, Lugano, Switzerland<br><strong>D \/ Design<\/strong> Demos Mobilia warehouse, via Del Lavoro 5, Como, Italy <br>Wir befinden uns 25 Minuten n\u00f6rdlich von Mailand, 2,5 Stunden s\u00fcdlich von Z\u00fcrich oder nur 30 Minuten von Lugano entfernt.<br>Wir befinden uns in einem faszinierenden Industriegeb\u00e4ude mit zahlreichen Parkpl\u00e4tzen, das sehr leicht zu erreichen ist.<\/p><iframe src=\"https:\/\/www.google.com\/maps\/embed?pb=!1m18!1m12!1m3!1d4589.981389388668!2d8.949067200000002!3d46.005014100000004!2m3!1f0!2f0!3f0!3m2!1i1024!2i768!4f13.1!3m3!1m2!1s0x478682b4941be91f%3A0x840aaddcf2fd83d6!2sDemos%20Mobilia!5e1!3m2!1sit!2sit!4v1768325112907!5m2!1sit!2sit\" width=\"100%\" height=\"450\" style=\"border:0;\" allowfullscreen=\"\" loading=\"lazy\" referrerpolicy=\"no-referrer-when-downgrade\"><\/iframe>","protected":false},"excerpt":{"rendered":"<p>Unser Team Demosmobilia ist ein kleines Team, kommen Sie uns besuchen, wir begleiten Sie bei Ihrer Forschung und Ihren Bed\u00fcrfnissen: Demetrio Zanetti, ein anerkannter Experte und Kenner des historischen Designs und des Designs des 20. Jahrhunderts, gr\u00fcndete Demosmobilia im Jahr 1995 und verwandelte seine lebenslange Leidenschaft f\u00fcr Sch\u00f6nheit und Gestaltung in eine f\u00fchrende Galerie f\u00fcr Sammlerdesign. Nach mehr als einem Jahrzehnt T\u00e4tigkeit als Theaterschauspieler in ganz Italien entwickelte Zanetti einen geschulten Blick sowie ein tiefes Fachwissen f\u00fcr ikonische M\u00f6bel, Vintage-Design und modernistische Objekte und widmete sich der sorgf\u00e4ltigen Recherche und Sammlung von St\u00fccken von au\u00dfergew\u00f6hnlicher Qualit\u00e4t und hohem historischem Wert. Seine Vision legte den Grundstein<a class=\"more-link\" href=\"https:\/\/www.demosmobilia.ch\/de\/kontakt\/\">Read More &rarr;<\/a><\/p>\n","protected":false},"author":1,"featured_media":0,"parent":0,"menu_order":0,"comment_status":"closed","ping_status":"closed","template":"","meta":{"_monsterinsights_skip_tracking":false,"_monsterinsights_sitenote_active":false,"_monsterinsights_sitenote_note":"","_monsterinsights_sitenote_category":0,"kk_blocks_editor_width":"","_kiokenblocks_attr":"","_kiokenblocks_dimensions":"","footnotes":""},"class_list":["entry","author-webmaster","post-38348","page","type-page","status-publish"],"yoast_head":"<!-- This site is optimized with the Yoast SEO plugin v24.0 - https:\/\/yoast.com\/wordpress\/plugins\/seo\/ -->\n<title>Kontakt &#8211; demosmobilia (Lugano, Schweiz und Como, Italien)<\/title>\n<meta name=\"robots\" content=\"index, follow, max-snippet:-1, max-image-preview:large, max-video-preview:-1\" \/>\n<link rel=\"canonical\" href=\"https:\/\/www.demosmobilia.ch\/de\/kontakt\/\" \/>\n<meta property=\"og:locale\" content=\"de_DE\" \/>\n<meta property=\"og:type\" content=\"article\" \/>\n<meta property=\"og:title\" content=\"Kontakt &#8211; demosmobilia (Lugano, Schweiz und Como, Italien)\" \/>\n<meta property=\"og:description\" content=\"Unser Team Demosmobilia ist ein kleines Team, kommen Sie uns besuchen, wir begleiten Sie bei Ihrer Forschung und Ihren Bed\u00fcrfnissen: Demetrio Zanetti, ein anerkannter Experte und Kenner des historischen Designs und des Designs des 20. Jahrhunderts, gr\u00fcndete Demosmobilia im Jahr 1995 und verwandelte seine lebenslange Leidenschaft f\u00fcr Sch\u00f6nheit und Gestaltung in eine f\u00fchrende Galerie f\u00fcr Sammlerdesign. Nach mehr als einem Jahrzehnt T\u00e4tigkeit als Theaterschauspieler in ganz Italien entwickelte Zanetti einen geschulten Blick sowie ein tiefes Fachwissen f\u00fcr ikonische M\u00f6bel, Vintage-Design und modernistische Objekte und widmete sich der sorgf\u00e4ltigen Recherche und Sammlung von St\u00fccken von au\u00dfergew\u00f6hnlicher Qualit\u00e4t und hohem historischem Wert. Seine Vision legte den GrundsteinRead More &rarr;\" \/>\n<meta property=\"og:url\" content=\"https:\/\/www.demosmobilia.ch\/de\/kontakt\/\" \/>\n<meta property=\"og:site_name\" content=\"demosmobilia\" \/>\n<meta property=\"article:publisher\" content=\"https:\/\/www.facebook.com\/Demos-Mobilia-1137017453131445\/\" \/>\n<meta property=\"article:modified_time\" content=\"2026-01-13T17:38:45+00:00\" \/>\n<meta name=\"twitter:card\" content=\"summary_large_image\" \/>\n<meta name=\"twitter:label1\" content=\"Gesch\u00e4tzte Lesezeit\" \/>\n\t<meta name=\"twitter:data1\" content=\"3\u00a0Minuten\" \/>\n<script type=\"application\/ld+json\" class=\"yoast-schema-graph\">{\"@context\":\"https:\/\/schema.org\",\"@graph\":[{\"@type\":\"WebPage\",\"@id\":\"https:\/\/www.demosmobilia.ch\/de\/kontakt\/\",\"url\":\"https:\/\/www.demosmobilia.ch\/de\/kontakt\/\",\"name\":\"Kontakt &#8211; demosmobilia (Lugano, Schweiz und Como, Italien)\",\"isPartOf\":{\"@id\":\"https:\/\/www.demosmobilia.ch\/de\/#website\"},\"datePublished\":\"2020-05-18T16:32:58+00:00\",\"dateModified\":\"2026-01-13T17:38:45+00:00\",\"breadcrumb\":{\"@id\":\"https:\/\/www.demosmobilia.ch\/de\/kontakt\/#breadcrumb\"},\"inLanguage\":\"de\",\"potentialAction\":[{\"@type\":\"ReadAction\",\"target\":[\"https:\/\/www.demosmobilia.ch\/de\/kontakt\/\"]}]},{\"@type\":\"BreadcrumbList\",\"@id\":\"https:\/\/www.demosmobilia.ch\/de\/kontakt\/#breadcrumb\",\"itemListElement\":[{\"@type\":\"ListItem\",\"position\":1,\"name\":\"Home\",\"item\":\"https:\/\/www.demosmobilia.ch\/de\/\"},{\"@type\":\"ListItem\",\"position\":2,\"name\":\"Kontakt\"}]},{\"@type\":\"WebSite\",\"@id\":\"https:\/\/www.demosmobilia.ch\/de\/#website\",\"url\":\"https:\/\/www.demosmobilia.ch\/de\/\",\"name\":\"demosmobilia\",\"description\":\"Vintage Mid Century Modern Design Furniture from the &#039;30s to the &#039;80s\",\"publisher\":{\"@id\":\"https:\/\/www.demosmobilia.ch\/de\/#organization\"},\"potentialAction\":[{\"@type\":\"SearchAction\",\"target\":{\"@type\":\"EntryPoint\",\"urlTemplate\":\"https:\/\/www.demosmobilia.ch\/de\/?s={search_term_string}\"},\"query-input\":{\"@type\":\"PropertyValueSpecification\",\"valueRequired\":true,\"valueName\":\"search_term_string\"}}],\"inLanguage\":\"de\"},{\"@type\":\"Organization\",\"@id\":\"https:\/\/www.demosmobilia.ch\/de\/#organization\",\"name\":\"demosmobilia\",\"url\":\"https:\/\/www.demosmobilia.ch\/de\/\",\"logo\":{\"@type\":\"ImageObject\",\"inLanguage\":\"de\",\"@id\":\"https:\/\/www.demosmobilia.ch\/de\/#\/schema\/logo\/image\/\",\"url\":\"https:\/\/www.demosmobilia.ch\/wp-content\/uploads\/2020\/07\/demosmobilia-logo-2020-230-160.png\",\"contentUrl\":\"https:\/\/www.demosmobilia.ch\/wp-content\/uploads\/2020\/07\/demosmobilia-logo-2020-230-160.png\",\"width\":230,\"height\":160,\"caption\":\"demosmobilia\"},\"image\":{\"@id\":\"https:\/\/www.demosmobilia.ch\/de\/#\/schema\/logo\/image\/\"},\"sameAs\":[\"https:\/\/www.facebook.com\/Demos-Mobilia-1137017453131445\/\",\"https:\/\/www.instagram.com\/demosmobilia\/\"]}]}<\/script>\n<!-- \/ Yoast SEO plugin. -->","yoast_head_json":{"title":"Kontakt &#8211; demosmobilia (Lugano, Schweiz und Como, Italien)","robots":{"index":"index","follow":"follow","max-snippet":"max-snippet:-1","max-image-preview":"max-image-preview:large","max-video-preview":"max-video-preview:-1"},"canonical":"https:\/\/www.demosmobilia.ch\/de\/kontakt\/","og_locale":"de_DE","og_type":"article","og_title":"Kontakt &#8211; demosmobilia (Lugano, Schweiz und Como, Italien)","og_description":"Unser Team Demosmobilia ist ein kleines Team, kommen Sie uns besuchen, wir begleiten Sie bei Ihrer Forschung und Ihren Bed\u00fcrfnissen: Demetrio Zanetti, ein anerkannter Experte und Kenner des historischen Designs und des Designs des 20. Jahrhunderts, gr\u00fcndete Demosmobilia im Jahr 1995 und verwandelte seine lebenslange Leidenschaft f\u00fcr Sch\u00f6nheit und Gestaltung in eine f\u00fchrende Galerie f\u00fcr Sammlerdesign. Nach mehr als einem Jahrzehnt T\u00e4tigkeit als Theaterschauspieler in ganz Italien entwickelte Zanetti einen geschulten Blick sowie ein tiefes Fachwissen f\u00fcr ikonische M\u00f6bel, Vintage-Design und modernistische Objekte und widmete sich der sorgf\u00e4ltigen Recherche und Sammlung von St\u00fccken von au\u00dfergew\u00f6hnlicher Qualit\u00e4t und hohem historischem Wert. Seine Vision legte den GrundsteinRead More &rarr;","og_url":"https:\/\/www.demosmobilia.ch\/de\/kontakt\/","og_site_name":"demosmobilia","article_publisher":"https:\/\/www.facebook.com\/Demos-Mobilia-1137017453131445\/","article_modified_time":"2026-01-13T17:38:45+00:00","twitter_card":"summary_large_image","twitter_misc":{"Gesch\u00e4tzte Lesezeit":"3\u00a0Minuten"},"schema":{"@context":"https:\/\/schema.org","@graph":[{"@type":"WebPage","@id":"https:\/\/www.demosmobilia.ch\/de\/kontakt\/","url":"https:\/\/www.demosmobilia.ch\/de\/kontakt\/","name":"Kontakt &#8211; demosmobilia (Lugano, Schweiz und Como, Italien)","isPartOf":{"@id":"https:\/\/www.demosmobilia.ch\/de\/#website"},"datePublished":"2020-05-18T16:32:58+00:00","dateModified":"2026-01-13T17:38:45+00:00","breadcrumb":{"@id":"https:\/\/www.demosmobilia.ch\/de\/kontakt\/#breadcrumb"},"inLanguage":"de","potentialAction":[{"@type":"ReadAction","target":["https:\/\/www.demosmobilia.ch\/de\/kontakt\/"]}]},{"@type":"BreadcrumbList","@id":"https:\/\/www.demosmobilia.ch\/de\/kontakt\/#breadcrumb","itemListElement":[{"@type":"ListItem","position":1,"name":"Home","item":"https:\/\/www.demosmobilia.ch\/de\/"},{"@type":"ListItem","position":2,"name":"Kontakt"}]},{"@type":"WebSite","@id":"https:\/\/www.demosmobilia.ch\/de\/#website","url":"https:\/\/www.demosmobilia.ch\/de\/","name":"demosmobilia","description":"Vintage Mid Century Modern Design Furniture from the &#039;30s to the &#039;80s","publisher":{"@id":"https:\/\/www.demosmobilia.ch\/de\/#organization"},"potentialAction":[{"@type":"SearchAction","target":{"@type":"EntryPoint","urlTemplate":"https:\/\/www.demosmobilia.ch\/de\/?s={search_term_string}"},"query-input":{"@type":"PropertyValueSpecification","valueRequired":true,"valueName":"search_term_string"}}],"inLanguage":"de"},{"@type":"Organization","@id":"https:\/\/www.demosmobilia.ch\/de\/#organization","name":"demosmobilia","url":"https:\/\/www.demosmobilia.ch\/de\/","logo":{"@type":"ImageObject","inLanguage":"de","@id":"https:\/\/www.demosmobilia.ch\/de\/#\/schema\/logo\/image\/","url":"https:\/\/www.demosmobilia.ch\/wp-content\/uploads\/2020\/07\/demosmobilia-logo-2020-230-160.png","contentUrl":"https:\/\/www.demosmobilia.ch\/wp-content\/uploads\/2020\/07\/demosmobilia-logo-2020-230-160.png","width":230,"height":160,"caption":"demosmobilia"},"image":{"@id":"https:\/\/www.demosmobilia.ch\/de\/#\/schema\/logo\/image\/"},"sameAs":["https:\/\/www.facebook.com\/Demos-Mobilia-1137017453131445\/","https:\/\/www.instagram.com\/demosmobilia\/"]}]}},"wps_subtitle":"","_links":{"self":[{"href":"https:\/\/www.demosmobilia.ch\/de\/wp-json\/wp\/v2\/pages\/38348","targetHints":{"allow":["GET"]}}],"collection":[{"href":"https:\/\/www.demosmobilia.ch\/de\/wp-json\/wp\/v2\/pages"}],"about":[{"href":"https:\/\/www.demosmobilia.ch\/de\/wp-json\/wp\/v2\/types\/page"}],"author":[{"embeddable":true,"href":"https:\/\/www.demosmobilia.ch\/de\/wp-json\/wp\/v2\/users\/1"}],"replies":[{"embeddable":true,"href":"https:\/\/www.demosmobilia.ch\/de\/wp-json\/wp\/v2\/comments?post=38348"}],"version-history":[{"count":3,"href":"https:\/\/www.demosmobilia.ch\/de\/wp-json\/wp\/v2\/pages\/38348\/revisions"}],"predecessor-version":[{"id":84855,"href":"https:\/\/www.demosmobilia.ch\/de\/wp-json\/wp\/v2\/pages\/38348\/revisions\/84855"}],"wp:attachment":[{"href":"https:\/\/www.demosmobilia.ch\/de\/wp-json\/wp\/v2\/media?parent=38348"}],"curies":[{"name":"wp","href":"https:\/\/api.w.org\/{rel}","templated":true}]}}