{"id":38156,"date":"2020-05-18T18:17:05","date_gmt":"2020-05-18T16:17:05","guid":{"rendered":"https:\/\/www.demosmobilia.ch\/ihre-angebotsanfrage\/"},"modified":"2026-01-12T14:03:40","modified_gmt":"2026-01-12T13:03:40","slug":"ihre-angebotsanfrage","status":"publish","type":"page","link":"https:\/\/www.demosmobilia.ch\/de\/ihre-angebotsanfrage\/","title":{"rendered":"Ihre Angebotsanfrage"},"content":{"rendered":"<p><strong>Auf dieser Seite k\u00f6nnen Sie alle Objekte, die Sie interessieren, aus der Demos Mobilia Design Collection einf\u00fcgen, indem Sie auf die Schaltfl\u00e4che \u201eAngebot anfordern\u201d klicken. <\/strong><br\/><strong>Wenn Sie alles eingef\u00fcgt haben, was Sie interessiert, k\u00f6nnen Sie uns Ihre Favoriten in einer einzigen Anfrage schicken, wir antworten Ihnen dann mit den zus\u00e4tzlichen Informationen, die Sie anfordern. <\/strong><br\/><strong>Wenn Sie m\u00f6chten, dass die Artikel zu Ihnen nach Hause geliefert werden, senden Sie uns Ihre Postleitzahl, wo auch immer auf der Welt Sie sich befinden, und wir werden Ihnen den Preis f\u00fcr die Lieferung mitteilen.<\/strong><\/p>\n<div class=\"woocommerce ywraq-wrapper\">\n\n\t\t\t<div id=\"yith-ywraq-message\"><div class=\"ywraq-question-message\">\n\t<\/div>\n<\/div>\n\t\t\n\t\t\t\t<div class=\"ywraq-form-table-wrapper \">\n\t\t\t<p class=\"ywraq_list_empty_message\">Ihre Anfrageliste ist leer. Bitte f\u00fcgen Sie eine oder mehrere Produkte der Liste hinzu<p><p class=\"return-to-shop\"><a class=\"button wc-backward\" href=\"https:\/\/www.demosmobilia.ch\/\">Return to product list<\/a><\/p>\n\t\t\t\t\t<\/div>\n\t<\/div>\n<p><\/p><p><\/p>","protected":false},"excerpt":{"rendered":"<p>Auf dieser Seite k\u00f6nnen Sie alle Objekte, die Sie interessieren, aus der Demos Mobilia Design Collection einf\u00fcgen, indem Sie auf die Schaltfl\u00e4che \u201eAngebot anfordern\u201d klicken. Wenn Sie alles eingef\u00fcgt haben, was Sie interessiert, k\u00f6nnen Sie uns Ihre Favoriten in einer einzigen Anfrage schicken, wir antworten Ihnen dann mit den zus\u00e4tzlichen Informationen, die Sie anfordern. Wenn Sie m\u00f6chten, dass die Artikel zu Ihnen nach Hause geliefert werden, senden Sie uns Ihre Postleitzahl, wo auch immer auf der Welt Sie sich befinden, und wir werden Ihnen den Preis f\u00fcr die Lieferung mitteilen.<a class=\"more-link\" href=\"https:\/\/www.demosmobilia.ch\/de\/ihre-angebotsanfrage\/\">Read More &rarr;<\/a><\/p>\n","protected":false},"author":1,"featured_media":0,"parent":0,"menu_order":0,"comment_status":"closed","ping_status":"closed","template":"","meta":{"_monsterinsights_skip_tracking":false,"_monsterinsights_sitenote_active":false,"_monsterinsights_sitenote_note":"","_monsterinsights_sitenote_category":0,"kk_blocks_editor_width":"","_kiokenblocks_attr":"","_kiokenblocks_dimensions":"","footnotes":""},"class_list":["entry","author-webmaster","post-38156","page","type-page","status-publish"],"yoast_head":"<!-- This site is optimized with the Yoast SEO plugin v24.0 - https:\/\/yoast.com\/wordpress\/plugins\/seo\/ -->\n<title>Ihre Angebotsanfrage &#8211; demosmobilia<\/title>\n<meta name=\"robots\" content=\"index, follow, max-snippet:-1, max-image-preview:large, max-video-preview:-1\" \/>\n<link rel=\"canonical\" href=\"https:\/\/www.demosmobilia.ch\/de\/ihre-angebotsanfrage\/\" \/>\n<meta property=\"og:locale\" content=\"de_DE\" \/>\n<meta property=\"og:type\" content=\"article\" \/>\n<meta property=\"og:title\" content=\"Ihre Angebotsanfrage &#8211; demosmobilia\" \/>\n<meta property=\"og:description\" content=\"Auf dieser Seite k\u00f6nnen Sie alle Objekte, die Sie interessieren, aus der Demos Mobilia Design Collection einf\u00fcgen, indem Sie auf die Schaltfl\u00e4che \u201eAngebot anfordern\u201d klicken. Wenn Sie alles eingef\u00fcgt haben, was Sie interessiert, k\u00f6nnen Sie uns Ihre Favoriten in einer einzigen Anfrage schicken, wir antworten Ihnen dann mit den zus\u00e4tzlichen Informationen, die Sie anfordern. Wenn Sie m\u00f6chten, dass die Artikel zu Ihnen nach Hause geliefert werden, senden Sie uns Ihre Postleitzahl, wo auch immer auf der Welt Sie sich befinden, und wir werden Ihnen den Preis f\u00fcr die Lieferung mitteilen.Read More &rarr;\" \/>\n<meta property=\"og:url\" content=\"https:\/\/www.demosmobilia.ch\/de\/ihre-angebotsanfrage\/\" \/>\n<meta property=\"og:site_name\" content=\"demosmobilia\" \/>\n<meta property=\"article:publisher\" content=\"https:\/\/www.facebook.com\/Demos-Mobilia-1137017453131445\/\" \/>\n<meta property=\"article:modified_time\" content=\"2026-01-12T13:03:40+00:00\" \/>\n<meta name=\"twitter:card\" content=\"summary_large_image\" \/>\n<meta name=\"twitter:label1\" content=\"Gesch\u00e4tzte Lesezeit\" \/>\n\t<meta name=\"twitter:data1\" content=\"1\u00a0Minute\" \/>\n<script type=\"application\/ld+json\" class=\"yoast-schema-graph\">{\"@context\":\"https:\/\/schema.org\",\"@graph\":[{\"@type\":\"WebPage\",\"@id\":\"https:\/\/www.demosmobilia.ch\/de\/ihre-angebotsanfrage\/\",\"url\":\"https:\/\/www.demosmobilia.ch\/de\/ihre-angebotsanfrage\/\",\"name\":\"Ihre Angebotsanfrage &#8211; demosmobilia\",\"isPartOf\":{\"@id\":\"https:\/\/www.demosmobilia.ch\/de\/#website\"},\"datePublished\":\"2020-05-18T16:17:05+00:00\",\"dateModified\":\"2026-01-12T13:03:40+00:00\",\"breadcrumb\":{\"@id\":\"https:\/\/www.demosmobilia.ch\/de\/ihre-angebotsanfrage\/#breadcrumb\"},\"inLanguage\":\"de\",\"potentialAction\":[{\"@type\":\"ReadAction\",\"target\":[\"https:\/\/www.demosmobilia.ch\/de\/ihre-angebotsanfrage\/\"]}]},{\"@type\":\"BreadcrumbList\",\"@id\":\"https:\/\/www.demosmobilia.ch\/de\/ihre-angebotsanfrage\/#breadcrumb\",\"itemListElement\":[{\"@type\":\"ListItem\",\"position\":1,\"name\":\"Home\",\"item\":\"https:\/\/www.demosmobilia.ch\/de\/\"},{\"@type\":\"ListItem\",\"position\":2,\"name\":\"Ihre Angebotsanfrage\"}]},{\"@type\":\"WebSite\",\"@id\":\"https:\/\/www.demosmobilia.ch\/de\/#website\",\"url\":\"https:\/\/www.demosmobilia.ch\/de\/\",\"name\":\"demosmobilia\",\"description\":\"Vintage Mid Century Modern Design Furniture from the &#039;30s to the &#039;80s\",\"publisher\":{\"@id\":\"https:\/\/www.demosmobilia.ch\/de\/#organization\"},\"potentialAction\":[{\"@type\":\"SearchAction\",\"target\":{\"@type\":\"EntryPoint\",\"urlTemplate\":\"https:\/\/www.demosmobilia.ch\/de\/?s={search_term_string}\"},\"query-input\":{\"@type\":\"PropertyValueSpecification\",\"valueRequired\":true,\"valueName\":\"search_term_string\"}}],\"inLanguage\":\"de\"},{\"@type\":\"Organization\",\"@id\":\"https:\/\/www.demosmobilia.ch\/de\/#organization\",\"name\":\"demosmobilia\",\"url\":\"https:\/\/www.demosmobilia.ch\/de\/\",\"logo\":{\"@type\":\"ImageObject\",\"inLanguage\":\"de\",\"@id\":\"https:\/\/www.demosmobilia.ch\/de\/#\/schema\/logo\/image\/\",\"url\":\"https:\/\/www.demosmobilia.ch\/wp-content\/uploads\/2020\/07\/demosmobilia-logo-2020-230-160.png\",\"contentUrl\":\"https:\/\/www.demosmobilia.ch\/wp-content\/uploads\/2020\/07\/demosmobilia-logo-2020-230-160.png\",\"width\":230,\"height\":160,\"caption\":\"demosmobilia\"},\"image\":{\"@id\":\"https:\/\/www.demosmobilia.ch\/de\/#\/schema\/logo\/image\/\"},\"sameAs\":[\"https:\/\/www.facebook.com\/Demos-Mobilia-1137017453131445\/\",\"https:\/\/www.instagram.com\/demosmobilia\/\"]}]}<\/script>\n<!-- \/ Yoast SEO plugin. -->","yoast_head_json":{"title":"Ihre Angebotsanfrage &#8211; demosmobilia","robots":{"index":"index","follow":"follow","max-snippet":"max-snippet:-1","max-image-preview":"max-image-preview:large","max-video-preview":"max-video-preview:-1"},"canonical":"https:\/\/www.demosmobilia.ch\/de\/ihre-angebotsanfrage\/","og_locale":"de_DE","og_type":"article","og_title":"Ihre Angebotsanfrage &#8211; demosmobilia","og_description":"Auf dieser Seite k\u00f6nnen Sie alle Objekte, die Sie interessieren, aus der Demos Mobilia Design Collection einf\u00fcgen, indem Sie auf die Schaltfl\u00e4che \u201eAngebot anfordern\u201d klicken. Wenn Sie alles eingef\u00fcgt haben, was Sie interessiert, k\u00f6nnen Sie uns Ihre Favoriten in einer einzigen Anfrage schicken, wir antworten Ihnen dann mit den zus\u00e4tzlichen Informationen, die Sie anfordern. Wenn Sie m\u00f6chten, dass die Artikel zu Ihnen nach Hause geliefert werden, senden Sie uns Ihre Postleitzahl, wo auch immer auf der Welt Sie sich befinden, und wir werden Ihnen den Preis f\u00fcr die Lieferung mitteilen.Read More &rarr;","og_url":"https:\/\/www.demosmobilia.ch\/de\/ihre-angebotsanfrage\/","og_site_name":"demosmobilia","article_publisher":"https:\/\/www.facebook.com\/Demos-Mobilia-1137017453131445\/","article_modified_time":"2026-01-12T13:03:40+00:00","twitter_card":"summary_large_image","twitter_misc":{"Gesch\u00e4tzte Lesezeit":"1\u00a0Minute"},"schema":{"@context":"https:\/\/schema.org","@graph":[{"@type":"WebPage","@id":"https:\/\/www.demosmobilia.ch\/de\/ihre-angebotsanfrage\/","url":"https:\/\/www.demosmobilia.ch\/de\/ihre-angebotsanfrage\/","name":"Ihre Angebotsanfrage &#8211; demosmobilia","isPartOf":{"@id":"https:\/\/www.demosmobilia.ch\/de\/#website"},"datePublished":"2020-05-18T16:17:05+00:00","dateModified":"2026-01-12T13:03:40+00:00","breadcrumb":{"@id":"https:\/\/www.demosmobilia.ch\/de\/ihre-angebotsanfrage\/#breadcrumb"},"inLanguage":"de","potentialAction":[{"@type":"ReadAction","target":["https:\/\/www.demosmobilia.ch\/de\/ihre-angebotsanfrage\/"]}]},{"@type":"BreadcrumbList","@id":"https:\/\/www.demosmobilia.ch\/de\/ihre-angebotsanfrage\/#breadcrumb","itemListElement":[{"@type":"ListItem","position":1,"name":"Home","item":"https:\/\/www.demosmobilia.ch\/de\/"},{"@type":"ListItem","position":2,"name":"Ihre Angebotsanfrage"}]},{"@type":"WebSite","@id":"https:\/\/www.demosmobilia.ch\/de\/#website","url":"https:\/\/www.demosmobilia.ch\/de\/","name":"demosmobilia","description":"Vintage Mid Century Modern Design Furniture from the &#039;30s to the &#039;80s","publisher":{"@id":"https:\/\/www.demosmobilia.ch\/de\/#organization"},"potentialAction":[{"@type":"SearchAction","target":{"@type":"EntryPoint","urlTemplate":"https:\/\/www.demosmobilia.ch\/de\/?s={search_term_string}"},"query-input":{"@type":"PropertyValueSpecification","valueRequired":true,"valueName":"search_term_string"}}],"inLanguage":"de"},{"@type":"Organization","@id":"https:\/\/www.demosmobilia.ch\/de\/#organization","name":"demosmobilia","url":"https:\/\/www.demosmobilia.ch\/de\/","logo":{"@type":"ImageObject","inLanguage":"de","@id":"https:\/\/www.demosmobilia.ch\/de\/#\/schema\/logo\/image\/","url":"https:\/\/www.demosmobilia.ch\/wp-content\/uploads\/2020\/07\/demosmobilia-logo-2020-230-160.png","contentUrl":"https:\/\/www.demosmobilia.ch\/wp-content\/uploads\/2020\/07\/demosmobilia-logo-2020-230-160.png","width":230,"height":160,"caption":"demosmobilia"},"image":{"@id":"https:\/\/www.demosmobilia.ch\/de\/#\/schema\/logo\/image\/"},"sameAs":["https:\/\/www.facebook.com\/Demos-Mobilia-1137017453131445\/","https:\/\/www.instagram.com\/demosmobilia\/"]}]}},"wps_subtitle":"","_links":{"self":[{"href":"https:\/\/www.demosmobilia.ch\/de\/wp-json\/wp\/v2\/pages\/38156","targetHints":{"allow":["GET"]}}],"collection":[{"href":"https:\/\/www.demosmobilia.ch\/de\/wp-json\/wp\/v2\/pages"}],"about":[{"href":"https:\/\/www.demosmobilia.ch\/de\/wp-json\/wp\/v2\/types\/page"}],"author":[{"embeddable":true,"href":"https:\/\/www.demosmobilia.ch\/de\/wp-json\/wp\/v2\/users\/1"}],"replies":[{"embeddable":true,"href":"https:\/\/www.demosmobilia.ch\/de\/wp-json\/wp\/v2\/comments?post=38156"}],"version-history":[{"count":2,"href":"https:\/\/www.demosmobilia.ch\/de\/wp-json\/wp\/v2\/pages\/38156\/revisions"}],"predecessor-version":[{"id":84845,"href":"https:\/\/www.demosmobilia.ch\/de\/wp-json\/wp\/v2\/pages\/38156\/revisions\/84845"}],"wp:attachment":[{"href":"https:\/\/www.demosmobilia.ch\/de\/wp-json\/wp\/v2\/media?parent=38156"}],"curies":[{"name":"wp","href":"https:\/\/api.w.org\/{rel}","templated":true}]}}